{"id":97,"date":"2016-01-28T07:06:07","date_gmt":"2016-01-28T07:06:07","guid":{"rendered":"http:\/\/www.nogravity.ca\/nogravity_wp\/?page_id=97"},"modified":"2018-11-20T18:41:54","modified_gmt":"2018-11-20T18:41:54","slug":"breakdance","status":"publish","type":"page","link":"https:\/\/www.nogravity.ca\/nogravity_wp\/breakdance\/","title":{"rendered":"Breakdance (B-Boying)"},"content":{"rendered":"<p class=\"dance_p\">Danse physique, sportive et acrobatique, effectu\u00e9e au sol. Certaines figures sont tir\u00e9es de la gymnastique, d&rsquo;autres des arts martiaux. C&rsquo;est le style des mouvements qui les diff\u00e8re de ces autres disciplines. Devenir b-boy ou b-girl requiert beaucoup de travail et de pers\u00e9v\u00e9rance. Quelques mouvements que vous apprendrez en breakdance: six-step, worm, freeze, windmill, headspin, etc..<\/p>\n<p class=\"ligne_clear\">Inscriptions en tout temps par t\u00e9l\u00e9phone\u00a0 450.377.5132<\/p>\n<p><iframe loading=\"lazy\" src=\"https:\/\/www.youtube.com\/embed\/fy7utfvgnGo\" width=\"560\" height=\"315\" frameborder=\"0\" allowfullscreen=\"allowfullscreen\"><\/iframe><\/p>\n<p><\/p>","protected":false},"excerpt":{"rendered":"<p>Danse physique, sportive et acrobatique, effectu\u00e9e au sol. Certaines figures sont tir\u00e9es de la gymnastique, d&rsquo;autres des arts martiaux. C&rsquo;est le style des mouvements qui les diff\u00e8re de ces autres disciplines. Devenir b-boy ou b-girl requiert beaucoup de travail et de pers\u00e9v\u00e9rance. Quelques mouvements que vous apprendrez en breakdance: six-step, worm, freeze, windmill, headspin, etc.. &hellip; <a href=\"https:\/\/www.nogravity.ca\/nogravity_wp\/breakdance\/\" class=\"more-link\">Continuer la lecture de <span class=\"screen-reader-text\">Breakdance (B-Boying)<\/span> <span class=\"meta-nav\">&rarr;<\/span><\/a><\/p>\n","protected":false},"author":1,"featured_media":709,"parent":0,"menu_order":0,"comment_status":"closed","ping_status":"closed","template":"page-templates\/common_page.php","meta":{"_acf_changed":false,"footnotes":""},"class_list":["post-97","page","type-page","status-publish","has-post-thumbnail","hentry"],"acf":[],"aioseo_notices":[],"_links":{"self":[{"href":"https:\/\/www.nogravity.ca\/nogravity_wp\/wp-json\/wp\/v2\/pages\/97","targetHints":{"allow":["GET"]}}],"collection":[{"href":"https:\/\/www.nogravity.ca\/nogravity_wp\/wp-json\/wp\/v2\/pages"}],"about":[{"href":"https:\/\/www.nogravity.ca\/nogravity_wp\/wp-json\/wp\/v2\/types\/page"}],"author":[{"embeddable":true,"href":"https:\/\/www.nogravity.ca\/nogravity_wp\/wp-json\/wp\/v2\/users\/1"}],"replies":[{"embeddable":true,"href":"https:\/\/www.nogravity.ca\/nogravity_wp\/wp-json\/wp\/v2\/comments?post=97"}],"version-history":[{"count":10,"href":"https:\/\/www.nogravity.ca\/nogravity_wp\/wp-json\/wp\/v2\/pages\/97\/revisions"}],"predecessor-version":[{"id":1440,"href":"https:\/\/www.nogravity.ca\/nogravity_wp\/wp-json\/wp\/v2\/pages\/97\/revisions\/1440"}],"wp:featuredmedia":[{"embeddable":true,"href":"https:\/\/www.nogravity.ca\/nogravity_wp\/wp-json\/wp\/v2\/media\/709"}],"wp:attachment":[{"href":"https:\/\/www.nogravity.ca\/nogravity_wp\/wp-json\/wp\/v2\/media?parent=97"}],"curies":[{"name":"wp","href":"https:\/\/api.w.org\/{rel}","templated":true}]}}