{"id":960,"date":"2016-08-29T17:43:33","date_gmt":"2016-08-29T17:43:33","guid":{"rendered":"http:\/\/www.nogravity.ca\/nogravity_wp\/?page_id=960"},"modified":"2023-04-20T16:30:17","modified_gmt":"2023-04-20T16:30:17","slug":"mini-break","status":"publish","type":"page","link":"https:\/\/www.nogravity.ca\/nogravity_wp\/mini-break\/","title":{"rendered":"Mini-Break"},"content":{"rendered":"<p>Le\u00a0<em>Mini-Break<\/em>\u00a0est un cours d\u2019initiation au\u00a0<em>Breakdance<\/em> qui a \u00e9t\u00e9 con\u00e7u pour les petits gar\u00e7ons (mais ouvert \u00e0 tous). Les \u00e9l\u00e8ves d\u00e9velopperont leur coordination, leur souplesse et leur sens du rythme en travaillant les mouvements de base dans un cadre s\u00e9curitaire et adapt\u00e9 \u00e0 leur \u00e2ge. De plus, les \u00e9l\u00e8ves feront l\u2019apprentissage de chor\u00e9graphies qu\u2019ils pr\u00e9senteront au spectacle de fin d\u2019ann\u00e9e.<\/p>\n<p class=\"ligne_clear\">Inscriptions en tout temps par t\u00e9l\u00e9phone\u00a0 450.377.5132<\/p>\n<p><iframe loading=\"lazy\" src=\"https:\/\/www.youtube.com\/embed\/C-3-Tck_WkU\" width=\"560\" height=\"315\" frameborder=\"0\" allowfullscreen=\"allowfullscreen\"><\/iframe><\/p>\n<p><\/p>","protected":false},"excerpt":{"rendered":"<p>Le\u00a0Mini-Break\u00a0est un cours d\u2019initiation au\u00a0Breakdance qui a \u00e9t\u00e9 con\u00e7u pour les petits gar\u00e7ons (mais ouvert \u00e0 tous). Les \u00e9l\u00e8ves d\u00e9velopperont leur coordination, leur souplesse et leur sens du rythme en travaillant les mouvements de base dans un cadre s\u00e9curitaire et adapt\u00e9 \u00e0 leur \u00e2ge. De plus, les \u00e9l\u00e8ves feront l\u2019apprentissage de chor\u00e9graphies qu\u2019ils pr\u00e9senteront au &hellip; <a href=\"https:\/\/www.nogravity.ca\/nogravity_wp\/mini-break\/\" class=\"more-link\">Continuer la lecture de <span class=\"screen-reader-text\">Mini-Break<\/span> <span class=\"meta-nav\">&rarr;<\/span><\/a><\/p>\n","protected":false},"author":1,"featured_media":961,"parent":0,"menu_order":0,"comment_status":"closed","ping_status":"closed","template":"page-templates\/common_page.php","meta":{"_acf_changed":false,"footnotes":""},"class_list":["post-960","page","type-page","status-publish","has-post-thumbnail","hentry"],"acf":[],"aioseo_notices":[],"_links":{"self":[{"href":"https:\/\/www.nogravity.ca\/nogravity_wp\/wp-json\/wp\/v2\/pages\/960","targetHints":{"allow":["GET"]}}],"collection":[{"href":"https:\/\/www.nogravity.ca\/nogravity_wp\/wp-json\/wp\/v2\/pages"}],"about":[{"href":"https:\/\/www.nogravity.ca\/nogravity_wp\/wp-json\/wp\/v2\/types\/page"}],"author":[{"embeddable":true,"href":"https:\/\/www.nogravity.ca\/nogravity_wp\/wp-json\/wp\/v2\/users\/1"}],"replies":[{"embeddable":true,"href":"https:\/\/www.nogravity.ca\/nogravity_wp\/wp-json\/wp\/v2\/comments?post=960"}],"version-history":[{"count":9,"href":"https:\/\/www.nogravity.ca\/nogravity_wp\/wp-json\/wp\/v2\/pages\/960\/revisions"}],"predecessor-version":[{"id":1711,"href":"https:\/\/www.nogravity.ca\/nogravity_wp\/wp-json\/wp\/v2\/pages\/960\/revisions\/1711"}],"wp:featuredmedia":[{"embeddable":true,"href":"https:\/\/www.nogravity.ca\/nogravity_wp\/wp-json\/wp\/v2\/media\/961"}],"wp:attachment":[{"href":"https:\/\/www.nogravity.ca\/nogravity_wp\/wp-json\/wp\/v2\/media?parent=960"}],"curies":[{"name":"wp","href":"https:\/\/api.w.org\/{rel}","templated":true}]}}