{"id":940,"date":"2016-08-24T20:10:45","date_gmt":"2016-08-24T20:10:45","guid":{"rendered":"http:\/\/www.nogravity.ca\/nogravity_wp\/?page_id=940"},"modified":"2018-11-20T19:02:02","modified_gmt":"2018-11-20T19:02:02","slug":"street-jazz","status":"publish","type":"page","link":"https:\/\/www.nogravity.ca\/nogravity_wp\/street-jazz\/","title":{"rendered":"Street Jazz"},"content":{"rendered":"<p>Le Street Jazz est un amalgame de Hip Hop, de Jazz et de Ballet Classique qui s\u2019inspire fortement des nouveaux courants musicaux. \u00c9nergique, sensuel et actuel, ce style de danse vous aidera \u00e0 d\u00e9velopper votre souplesse en explorant diff\u00e9rents types de mouvements, autant langoureux que saccad\u00e9s.<\/p>\n<p>Inscriptions en tout temps par t\u00e9l\u00e9phone\u00a0 450.377.5132<\/p>\n<p><iframe loading=\"lazy\" src=\"https:\/\/www.youtube.com\/embed\/JZ-U-7nceHg\" width=\"560\" height=\"315\" frameborder=\"0\" allowfullscreen=\"allowfullscreen\"><\/iframe><\/p>\n<p><\/p>","protected":false},"excerpt":{"rendered":"<p>Le Street Jazz est un amalgame de Hip Hop, de Jazz et de Ballet Classique qui s\u2019inspire fortement des nouveaux courants musicaux. \u00c9nergique, sensuel et actuel, ce style de danse vous aidera \u00e0 d\u00e9velopper votre souplesse en explorant diff\u00e9rents types de mouvements, autant langoureux que saccad\u00e9s. Inscriptions en tout temps par t\u00e9l\u00e9phone\u00a0 450.377.5132<\/p>\n","protected":false},"author":1,"featured_media":941,"parent":0,"menu_order":0,"comment_status":"closed","ping_status":"closed","template":"page-templates\/common_page.php","meta":{"_acf_changed":false,"footnotes":""},"class_list":["post-940","page","type-page","status-publish","has-post-thumbnail","hentry"],"acf":[],"aioseo_notices":[],"_links":{"self":[{"href":"https:\/\/www.nogravity.ca\/nogravity_wp\/wp-json\/wp\/v2\/pages\/940","targetHints":{"allow":["GET"]}}],"collection":[{"href":"https:\/\/www.nogravity.ca\/nogravity_wp\/wp-json\/wp\/v2\/pages"}],"about":[{"href":"https:\/\/www.nogravity.ca\/nogravity_wp\/wp-json\/wp\/v2\/types\/page"}],"author":[{"embeddable":true,"href":"https:\/\/www.nogravity.ca\/nogravity_wp\/wp-json\/wp\/v2\/users\/1"}],"replies":[{"embeddable":true,"href":"https:\/\/www.nogravity.ca\/nogravity_wp\/wp-json\/wp\/v2\/comments?post=940"}],"version-history":[{"count":8,"href":"https:\/\/www.nogravity.ca\/nogravity_wp\/wp-json\/wp\/v2\/pages\/940\/revisions"}],"predecessor-version":[{"id":1454,"href":"https:\/\/www.nogravity.ca\/nogravity_wp\/wp-json\/wp\/v2\/pages\/940\/revisions\/1454"}],"wp:featuredmedia":[{"embeddable":true,"href":"https:\/\/www.nogravity.ca\/nogravity_wp\/wp-json\/wp\/v2\/media\/941"}],"wp:attachment":[{"href":"https:\/\/www.nogravity.ca\/nogravity_wp\/wp-json\/wp\/v2\/media?parent=940"}],"curies":[{"name":"wp","href":"https:\/\/api.w.org\/{rel}","templated":true}]}}