{"id":932,"date":"2016-08-23T19:10:43","date_gmt":"2016-08-23T19:10:43","guid":{"rendered":"http:\/\/www.nogravity.ca\/nogravity_wp\/?page_id=932"},"modified":"2018-11-20T18:59:23","modified_gmt":"2018-11-20T18:59:23","slug":"no-limits","status":"publish","type":"page","link":"https:\/\/www.nogravity.ca\/nogravity_wp\/no-limits\/","title":{"rendered":"No Limit"},"content":{"rendered":"<p>Ce cours de 45 minutes permet aux gens ayant une mobilit\u00e9 r\u00e9duite, de venir danser et s&rsquo;amuser dans un environnement chaleureux, s\u00e9curitaire et adapt\u00e9 \u00e0 leurs besoins. Que la personne\u00a0aie un handicap physique et\/ou intellectuel, il est le bienvenue chez nous.<br \/>\nTout le monde peut danser!<\/p>\n<p>Inscriptions en tout temps par t\u00e9l\u00e9phone\u00a0 450.377.5132<\/p>\n<p><iframe loading=\"lazy\" src=\"https:\/\/www.youtube.com\/embed\/_HlQcruFZmE\" width=\"560\" height=\"315\" frameborder=\"0\" allowfullscreen=\"allowfullscreen\"><\/iframe><\/p>\n<p><\/p>","protected":false},"excerpt":{"rendered":"<p>Ce cours de 45 minutes permet aux gens ayant une mobilit\u00e9 r\u00e9duite, de venir danser et s&rsquo;amuser dans un environnement chaleureux, s\u00e9curitaire et adapt\u00e9 \u00e0 leurs besoins. Que la personne\u00a0aie un handicap physique et\/ou intellectuel, il est le bienvenue chez nous. Tout le monde peut danser! Inscriptions en tout temps par t\u00e9l\u00e9phone\u00a0 450.377.5132<\/p>\n","protected":false},"author":1,"featured_media":933,"parent":0,"menu_order":0,"comment_status":"closed","ping_status":"closed","template":"page-templates\/common_page.php","meta":{"_acf_changed":false,"footnotes":""},"class_list":["post-932","page","type-page","status-publish","has-post-thumbnail","hentry"],"acf":[],"aioseo_notices":[],"_links":{"self":[{"href":"https:\/\/www.nogravity.ca\/nogravity_wp\/wp-json\/wp\/v2\/pages\/932","targetHints":{"allow":["GET"]}}],"collection":[{"href":"https:\/\/www.nogravity.ca\/nogravity_wp\/wp-json\/wp\/v2\/pages"}],"about":[{"href":"https:\/\/www.nogravity.ca\/nogravity_wp\/wp-json\/wp\/v2\/types\/page"}],"author":[{"embeddable":true,"href":"https:\/\/www.nogravity.ca\/nogravity_wp\/wp-json\/wp\/v2\/users\/1"}],"replies":[{"embeddable":true,"href":"https:\/\/www.nogravity.ca\/nogravity_wp\/wp-json\/wp\/v2\/comments?post=932"}],"version-history":[{"count":9,"href":"https:\/\/www.nogravity.ca\/nogravity_wp\/wp-json\/wp\/v2\/pages\/932\/revisions"}],"predecessor-version":[{"id":1450,"href":"https:\/\/www.nogravity.ca\/nogravity_wp\/wp-json\/wp\/v2\/pages\/932\/revisions\/1450"}],"wp:featuredmedia":[{"embeddable":true,"href":"https:\/\/www.nogravity.ca\/nogravity_wp\/wp-json\/wp\/v2\/media\/933"}],"wp:attachment":[{"href":"https:\/\/www.nogravity.ca\/nogravity_wp\/wp-json\/wp\/v2\/media?parent=932"}],"curies":[{"name":"wp","href":"https:\/\/api.w.org\/{rel}","templated":true}]}}