{"id":8,"date":"2016-01-21T09:42:14","date_gmt":"2016-01-21T09:42:14","guid":{"rendered":"http:\/\/www.nogravity.ca\/nogravity_wp\/?page_id=8"},"modified":"2025-04-24T21:42:34","modified_gmt":"2025-04-24T21:42:34","slug":"course","status":"publish","type":"page","link":"https:\/\/www.nogravity.ca\/nogravity_wp\/course\/","title":{"rendered":"Cours R\u00e9cr\u00e9atifs"},"content":{"rendered":"<h4>Inscriptions par t\u00e9l\u00e9phone 450-377-5132<\/h4>\n<p>Au plaisir de vous voir sur le plancher de danse \ud83d\ude42<\/p>\n<h4><\/h4>\n<p><\/p>","protected":false},"excerpt":{"rendered":"<p>Inscriptions par t\u00e9l\u00e9phone 450-377-5132 Au plaisir de vous voir sur le plancher de danse \ud83d\ude42<\/p>\n","protected":false},"author":1,"featured_media":671,"parent":0,"menu_order":0,"comment_status":"closed","ping_status":"closed","template":"page-templates\/cours.php","meta":{"_acf_changed":false,"footnotes":""},"class_list":["post-8","page","type-page","status-publish","has-post-thumbnail","hentry"],"acf":[],"aioseo_notices":[],"_links":{"self":[{"href":"https:\/\/www.nogravity.ca\/nogravity_wp\/wp-json\/wp\/v2\/pages\/8","targetHints":{"allow":["GET"]}}],"collection":[{"href":"https:\/\/www.nogravity.ca\/nogravity_wp\/wp-json\/wp\/v2\/pages"}],"about":[{"href":"https:\/\/www.nogravity.ca\/nogravity_wp\/wp-json\/wp\/v2\/types\/page"}],"author":[{"embeddable":true,"href":"https:\/\/www.nogravity.ca\/nogravity_wp\/wp-json\/wp\/v2\/users\/1"}],"replies":[{"embeddable":true,"href":"https:\/\/www.nogravity.ca\/nogravity_wp\/wp-json\/wp\/v2\/comments?post=8"}],"version-history":[{"count":49,"href":"https:\/\/www.nogravity.ca\/nogravity_wp\/wp-json\/wp\/v2\/pages\/8\/revisions"}],"predecessor-version":[{"id":1845,"href":"https:\/\/www.nogravity.ca\/nogravity_wp\/wp-json\/wp\/v2\/pages\/8\/revisions\/1845"}],"wp:featuredmedia":[{"embeddable":true,"href":"https:\/\/www.nogravity.ca\/nogravity_wp\/wp-json\/wp\/v2\/media\/671"}],"wp:attachment":[{"href":"https:\/\/www.nogravity.ca\/nogravity_wp\/wp-json\/wp\/v2\/media?parent=8"}],"curies":[{"name":"wp","href":"https:\/\/api.w.org\/{rel}","templated":true}]}}