{"id":71,"date":"2016-01-27T11:45:49","date_gmt":"2016-01-27T11:45:49","guid":{"rendered":"http:\/\/www.nogravity.ca\/nogravity_wp\/?page_id=71"},"modified":"2025-04-24T21:33:08","modified_gmt":"2025-04-24T21:33:08","slug":"faq","status":"publish","type":"page","link":"https:\/\/www.nogravity.ca\/nogravity_wp\/faq\/","title":{"rendered":"Foire aux questions"},"content":{"rendered":"<div id=\"faqconc_1_4_8\" class=\"faqconc\" role=\"tablist\" aria-multiselectable=\"true\"><div class=\"faq_item\" id=\"faq69\"><div class=\"faq_q\" id=\"faq69_q\" aria-selected=\"false\" aria-expanded=\"false\" aria-controls =\"faq69_a\" role=\"tab\" tabindex=\"-1\">Quel est l&rsquo;\u00e2ge minimum pour inscrire mon enfant?<\/div><div class=\"faq_a\" id=\"faq69_a\" aria-labelledby=\"faq69_q\" aria-hidden=\"true\" role=\"tabpanel\"><div class=\"faq_a_content\"><p>2 ans.  Notre programme \"Petits Pieds\" est con\u00e7u pour des enfants de 2-3 ans.<\/p>\n<\/div><\/div><\/div><div class=\"faq_item\" id=\"faq70\"><div class=\"faq_q\" id=\"faq70_q\" aria-selected=\"false\" aria-expanded=\"false\" aria-controls =\"faq70_a\" role=\"tab\" tabindex=\"-1\">Quel est l&rsquo;\u00e2ge maximum pour s&rsquo;inscrire \u00e0 vos cours de danse?<\/div><div class=\"faq_a\" id=\"faq70_a\" aria-labelledby=\"faq70_q\" aria-hidden=\"true\" role=\"tabpanel\"><div class=\"faq_a_content\"><p>110 ans. Si vous pouvez marcher, nous pouvons vous apprendre \u00e0 danser!<\/p>\n<\/div><\/div><\/div><div class=\"faq_item\" id=\"faq73\"><div class=\"faq_q\" id=\"faq73_q\" aria-selected=\"false\" aria-expanded=\"false\" aria-controls =\"faq73_a\" role=\"tab\" tabindex=\"-1\">Puis-je regarder mon enfant pendant son cours de danse?<\/div><div class=\"faq_a\" id=\"faq73_a\" aria-labelledby=\"faq73_q\" aria-hidden=\"true\" role=\"tabpanel\"><div class=\"faq_a_content\"><p>Sp\u00e9cialement pour vous, nous avons am\u00e9nag\u00e9 une section 'lounge' munie de t\u00e9l\u00e9viseurs qui vous d\u00e9montre ce qui se passe dans chacune des salles de danse. Vous pouvez donc voir son progr\u00e8s, assis bien confortablement, tout en respectant leur besoin de concentration. <\/p>\n<\/div><\/div><\/div><div class=\"faq_item\" id=\"faq75\"><div class=\"faq_q\" id=\"faq75_q\" aria-selected=\"false\" aria-expanded=\"false\" aria-controls =\"faq75_a\" role=\"tab\" tabindex=\"-1\">Vos tarifs semblent un peu plus \u00e9lev\u00e9s que la moyenne. Pourquoi?<\/div><div class=\"faq_a\" id=\"faq75_a\" aria-labelledby=\"faq75_q\" aria-hidden=\"true\" role=\"tabpanel\"><div class=\"faq_a_content\"><p>Nous voulons que nos clients aient la t\u00eate tranquille apr\u00e8s avoir fait leur inscription. C'est pourquoi nous incluons dans notre forfait: les taxes, le prix du costume de spectacle, ainsi qu'une paire de billets pour les parents. De cette fa\u00e7on il n'y a pas de frais 'surprises' en fin d'ann\u00e9e. Chaque cours d'une heure est en fait seulement 13$.<\/p>\n<\/div><\/div><\/div><div class=\"faq_item\" id=\"faq76\"><div class=\"faq_q\" id=\"faq76_q\" aria-selected=\"false\" aria-expanded=\"false\" aria-controls =\"faq76_a\" role=\"tab\" tabindex=\"-1\">Quels modes de paiements acceptez-vous?<\/div><div class=\"faq_a\" id=\"faq76_a\" aria-labelledby=\"faq76_q\" aria-hidden=\"true\" role=\"tabpanel\"><div class=\"faq_a_content\"><p>Interac, cr\u00e9dit ou comptant. Il est possible de s\u00e9parer le montant total de l'inscription jusqu'\u00e0 un maximum de 12 mois, sans frais suppl\u00e9mentaire. Cependant, un petit rabais est offerts aux gens qui le font en 1 ou 2 paiements.<\/p>\n<\/div><\/div><\/div><div class=\"faq_item\" id=\"faq77\"><div class=\"faq_q\" id=\"faq77_q\" aria-selected=\"false\" aria-expanded=\"false\" aria-controls =\"faq77_a\" role=\"tab\" tabindex=\"-1\">Combien de temps dure une session?<\/div><div class=\"faq_a\" id=\"faq77_a\" aria-labelledby=\"faq77_q\" aria-hidden=\"true\" role=\"tabpanel\"><div class=\"faq_a_content\"><p>Notre session d'automne est de 15 cours, celle d'hiver de 20 cours. Nous avons \u00e9galement une petite session d'\u00e9t\u00e9 de 7 cours. Cependant celle-ci n'inclus pas de spectacle, contrairement aux 2 autres.<\/p>\n<\/div><\/div><\/div><div class=\"faq_item\" id=\"faq78\"><div class=\"faq_q\" id=\"faq78_q\" aria-selected=\"false\" aria-expanded=\"false\" aria-controls =\"faq78_a\" role=\"tab\" tabindex=\"-1\">Qu&rsquo;arrive-t-il si mon enfant change d&rsquo;id\u00e9e en cours de session?<\/div><div class=\"faq_a\" id=\"faq78_a\" aria-labelledby=\"faq78_q\" aria-hidden=\"true\" role=\"tabpanel\"><div class=\"faq_a_content\"><p>Nous comprenons que les int\u00e9r\u00eats des enfants peuvent changer rapidement. C'est pourquoi nous offrons un remboursement en tout temps. Un montant fixe de 50$ est cependant conserv\u00e9.<\/p>\n<\/div><\/div><\/div><div class=\"faq_item\" id=\"faq79\"><div class=\"faq_q\" id=\"faq79_q\" aria-selected=\"false\" aria-expanded=\"false\" aria-controls =\"faq79_a\" role=\"tab\" tabindex=\"-1\">Puis-je regarder mon enfant pendant son cours de danse?<\/div><div class=\"faq_a\" id=\"faq79_a\" aria-labelledby=\"faq79_q\" aria-hidden=\"true\" role=\"tabpanel\"><div class=\"faq_a_content\"><p>Sp\u00e9cialement pour vous, nous avons am\u00e9nag\u00e9 une section 'lounge' munie de t\u00e9l\u00e9viseurs qui vous d\u00e9montre ce qui se passe dans chacune des salles de danse. Vous pouvez donc voir son progr\u00e8s, assis bien confortablement, tout en respectant leur besoin de concentration. <\/p>\n<\/div><\/div><\/div><div class=\"faq_item\" id=\"faq80\"><div class=\"faq_q\" id=\"faq80_q\" aria-selected=\"false\" aria-expanded=\"false\" aria-controls =\"faq80_a\" role=\"tab\" tabindex=\"-1\">Combien seront-ils d&rsquo;\u00e9l\u00e8ves dans le cours?<\/div><div class=\"faq_a\" id=\"faq80_a\" aria-labelledby=\"faq80_q\" aria-hidden=\"true\" role=\"tabpanel\"><div class=\"faq_a_content\"><p>Plus le groupe est restreint, plus les \u00e9l\u00e8ves ont droit \u00e0 une attention particuli\u00e8re du professeur leur permettant ainsi d\u2019apprendre plus facilement et plus agr\u00e9ablement. Avec de jeunes enfants, il est \u00e9galement plus facile pour le professeur de garder le contr\u00f4le du groupe et de s\u2019assurer que chaque \u00e9l\u00e8ve comprenne bien les instructions et les activit\u00e9s. Certaines \u00e9coles remplissent les cours jusqu\u2019\u00e0 30 \u00e9l\u00e8ves, ce qui rend chaque \u00e9l\u00e8ve plus susceptible de d\u00e9velopper de mauvaises habitudes de danse. Notre \u00e9cole limite certains cours \u00e0 15 \u00e9l\u00e8ves et d'autres \u00e0 10 \u00e9leves seulement.<\/p>\n<\/div><\/div><\/div><div class=\"faq_item\" id=\"faq81\"><div class=\"faq_q\" id=\"faq81_q\" aria-selected=\"false\" aria-expanded=\"false\" aria-controls =\"faq81_a\" role=\"tab\" tabindex=\"-1\">Est-ce que j&rsquo;aurai un bon service?<\/div><div class=\"faq_a\" id=\"faq81_a\" aria-labelledby=\"faq81_q\" aria-hidden=\"true\" role=\"tabpanel\"><div class=\"faq_a_content\"><p>Dans plusieurs \u00e9coles de danse, le professeur est \u00e9galement celui r\u00e9pond aux questions des parents et qui doit s\u2019occuper du travail de bureau. En essayant de faire 2 emplois en m\u00eame temps, le temps de classe en est parfois p\u00e9nalis\u00e9 ou bien les parents ne peuvent avoir r\u00e9ponse \u00e0 leurs questions car le professeur est en cours. Pour que votre exp\u00e9rience soit plaisante, il est important de fr\u00e9quenter une \u00e9cole qui peut vous assister en tout temps concernant les costumes, les horaires ou le spectacle, m\u00eame si le professeur est occup\u00e9 en classe. \u00c0 notre \u00e9cole, il y a toujours quelqu\u2019un au bureau durant les heures de cours, afin de r\u00e9pondre \u00e0 vos questions ou inqui\u00e9tudes.<\/p>\n<\/div><\/div><\/div><div class=\"faq_item\" id=\"faq82\"><div class=\"faq_q\" id=\"faq82_q\" aria-selected=\"false\" aria-expanded=\"false\" aria-controls =\"faq82_a\" role=\"tab\" tabindex=\"-1\">Quel m\u00e9thode d&rsquo;enseignement sera utilis\u00e9e?<\/div><div class=\"faq_a\" id=\"faq82_a\" aria-labelledby=\"faq82_q\" aria-hidden=\"true\" role=\"tabpanel\"><div class=\"faq_a_content\"><p>Nous croyons que la plus importante partie d\u2019un apprentissage r\u00e9ussi est le degr\u00e9 de plaisir qui y est rattach\u00e9. Certaines \u00e9coles mettent souvent de la pression sur les \u00e9l\u00e8ves afin qu\u2019ils apprennent rapidement et qu\u2019ils soient pr\u00eats pour le grand spectacle de fin d\u2019ann\u00e9e. Cette m\u00e9thode bloque l\u2019apprentissage et cause un stress inutile, surtout chez les d\u00e9butants. Dans tous nos cours r\u00e9guliers, nous pr\u00e9f\u00e9rons laisser chaque \u00e9l\u00e8ve avancer \u00e0 leur propre rythme. La participation aux deux spectacles qui ont lieux au cours de l\u2019ann\u00e9e est optionnelle.<\/p>\n<\/div><\/div><\/div><\/div>\n<p class=\"dance_p\">\u00c9crivez-nous \u00e0 <a href=\"mailto:info@nogravity.ca\">info@nogravity.ca<\/a> pour toutes autres questions.<\/p>\n\n\n<p><\/p>\n<p><\/p>","protected":false},"excerpt":{"rendered":"<p>\u00c9crivez-nous \u00e0 info@nogravity.ca pour toutes autres questions.<\/p>\n","protected":false},"author":1,"featured_media":1727,"parent":0,"menu_order":0,"comment_status":"closed","ping_status":"closed","template":"page-templates\/common_page.php","meta":{"_acf_changed":false,"footnotes":""},"class_list":["post-71","page","type-page","status-publish","has-post-thumbnail","hentry"],"acf":[],"aioseo_notices":[],"_links":{"self":[{"href":"https:\/\/www.nogravity.ca\/nogravity_wp\/wp-json\/wp\/v2\/pages\/71","targetHints":{"allow":["GET"]}}],"collection":[{"href":"https:\/\/www.nogravity.ca\/nogravity_wp\/wp-json\/wp\/v2\/pages"}],"about":[{"href":"https:\/\/www.nogravity.ca\/nogravity_wp\/wp-json\/wp\/v2\/types\/page"}],"author":[{"embeddable":true,"href":"https:\/\/www.nogravity.ca\/nogravity_wp\/wp-json\/wp\/v2\/users\/1"}],"replies":[{"embeddable":true,"href":"https:\/\/www.nogravity.ca\/nogravity_wp\/wp-json\/wp\/v2\/comments?post=71"}],"version-history":[{"count":12,"href":"https:\/\/www.nogravity.ca\/nogravity_wp\/wp-json\/wp\/v2\/pages\/71\/revisions"}],"predecessor-version":[{"id":1840,"href":"https:\/\/www.nogravity.ca\/nogravity_wp\/wp-json\/wp\/v2\/pages\/71\/revisions\/1840"}],"wp:featuredmedia":[{"embeddable":true,"href":"https:\/\/www.nogravity.ca\/nogravity_wp\/wp-json\/wp\/v2\/media\/1727"}],"wp:attachment":[{"href":"https:\/\/www.nogravity.ca\/nogravity_wp\/wp-json\/wp\/v2\/media?parent=71"}],"curies":[{"name":"wp","href":"https:\/\/api.w.org\/{rel}","templated":true}]}}