{"id":42,"date":"2016-01-21T13:12:19","date_gmt":"2016-01-21T13:12:19","guid":{"rendered":"http:\/\/www.nogravity.ca\/nogravity_wp\/?page_id=42"},"modified":"2020-02-27T22:32:52","modified_gmt":"2020-02-27T22:32:52","slug":"autres_services","status":"publish","type":"page","link":"https:\/\/www.nogravity.ca\/nogravity_wp\/autres_services\/","title":{"rendered":"Autres Services"},"content":{"rendered":"<p><iframe loading=\"lazy\" width=\"560\" height=\"315\" src=\"https:\/\/www.youtube.com\/embed\/U313Iibsk8w\" frameborder=\"0\" allow=\"accelerometer; autoplay; encrypted-media; gyroscope; picture-in-picture\" allowfullscreen><\/iframe><\/p>\n<h4>Chez No Gravity, nous vous offrons diff\u00e9rents services pour satisfaire tous vos besoins.<\/h4>\n<ul class=\"propos_ul\">\n<li><i class=\"fa fa-caret-right\"><\/i><a href=\"http:\/\/www.nogravity.ca\/nogravity_wp\/cours-mobiles\/\">Cours mobiles<\/a><\/li>\n<li><i class=\"fa fa-caret-right\"><\/i><a href=\"http:\/\/www.nogravity.ca\/nogravity_wp\/danseurs-professionnels-pour-vos-evenements\/\">Danseurs professionnels pour vos \u00e9v\u00e9nements<\/a><\/li>\n<li><i class=\"fa fa-caret-right\"><\/i><a href=\"http:\/\/www.nogravity.ca\/nogravity_wp\/animations-pour-fetes-denfants\/\">Animations pour f\u00eates d&rsquo;enfants<\/a><\/li>\n<li><i class=\"fa fa-caret-right\"><\/i><a href=\"http:\/\/www.nogravity.ca\/nogravity_wp\/choregraphies-personnalisees-pour-mariages\/\">Chor\u00e9graphies personnalis\u00e9es pour mariage<\/a><\/li>\n<li><i class=\"fa fa-caret-right\"><\/i><a href=\"http:\/\/www.nogravity.ca\/nogravity_wp\/location-de-4-salles-pour-vos-evenements\/\">Location de 5 salles climatis\u00e9es pour vos \u00e9v\u00e9nements<\/a><\/li>\n<li><i class=\"fa fa-caret-right\"><\/i><a href=\"http:\/\/www.nogravity.ca\/nogravity_wp\/cours-prives-ou-semi-prives\/\">Cours priv\u00e9s ou semi-priv\u00e9s<\/a><\/li>\n<\/ul>\n<p class=\"dance_p\">N&rsquo;h\u00e9sitez pas \u00e0 communiquer avec nous pour prendre rendez-vous.<\/p>\n<div class=\"col-md-4 tele_cus\">T\u00e9l\u00e9phone : (450) 377-5132<\/div>\n<div class=\"col-md-4 tele_cus\">Courriel : info@nogravity.ca<\/div>\n<div class=\"col-md-4 tele_cus\">Adresse : 115 rue Alexandre, Salaberry-de-Valleyfield, J6S 3K3<\/div>\n<p><\/p>","protected":false},"excerpt":{"rendered":"<p>Chez No Gravity, nous vous offrons diff\u00e9rents services pour satisfaire tous vos besoins. Cours mobiles Danseurs professionnels pour vos \u00e9v\u00e9nements Animations pour f\u00eates d&rsquo;enfants Chor\u00e9graphies personnalis\u00e9es pour mariage Location de 5 salles climatis\u00e9es pour vos \u00e9v\u00e9nements Cours priv\u00e9s ou semi-priv\u00e9s N&rsquo;h\u00e9sitez pas \u00e0 communiquer avec nous pour prendre rendez-vous. T\u00e9l\u00e9phone : (450) 377-5132 Courriel : &hellip; <a href=\"https:\/\/www.nogravity.ca\/nogravity_wp\/autres_services\/\" class=\"more-link\">Continuer la lecture de <span class=\"screen-reader-text\">Autres Services<\/span> <span class=\"meta-nav\">&rarr;<\/span><\/a><\/p>\n","protected":false},"author":1,"featured_media":0,"parent":0,"menu_order":0,"comment_status":"closed","ping_status":"closed","template":"page-templates\/autres_services.php","meta":{"_acf_changed":false,"footnotes":""},"class_list":["post-42","page","type-page","status-publish","hentry"],"acf":[],"aioseo_notices":[],"_links":{"self":[{"href":"https:\/\/www.nogravity.ca\/nogravity_wp\/wp-json\/wp\/v2\/pages\/42","targetHints":{"allow":["GET"]}}],"collection":[{"href":"https:\/\/www.nogravity.ca\/nogravity_wp\/wp-json\/wp\/v2\/pages"}],"about":[{"href":"https:\/\/www.nogravity.ca\/nogravity_wp\/wp-json\/wp\/v2\/types\/page"}],"author":[{"embeddable":true,"href":"https:\/\/www.nogravity.ca\/nogravity_wp\/wp-json\/wp\/v2\/users\/1"}],"replies":[{"embeddable":true,"href":"https:\/\/www.nogravity.ca\/nogravity_wp\/wp-json\/wp\/v2\/comments?post=42"}],"version-history":[{"count":13,"href":"https:\/\/www.nogravity.ca\/nogravity_wp\/wp-json\/wp\/v2\/pages\/42\/revisions"}],"predecessor-version":[{"id":1673,"href":"https:\/\/www.nogravity.ca\/nogravity_wp\/wp-json\/wp\/v2\/pages\/42\/revisions\/1673"}],"wp:attachment":[{"href":"https:\/\/www.nogravity.ca\/nogravity_wp\/wp-json\/wp\/v2\/media?parent=42"}],"curies":[{"name":"wp","href":"https:\/\/api.w.org\/{rel}","templated":true}]}}