{"id":40,"date":"2016-01-21T12:41:43","date_gmt":"2016-01-21T12:41:43","guid":{"rendered":"http:\/\/www.nogravity.ca\/nogravity_wp\/?page_id=40"},"modified":"2020-07-30T16:06:14","modified_gmt":"2020-07-30T16:06:14","slug":"troupes","status":"publish","type":"page","link":"https:\/\/www.nogravity.ca\/nogravity_wp\/troupes\/","title":{"rendered":"Troupes comp\u00e9titives"},"content":{"rendered":"<h4>L&rsquo;Acad\u00e9mie de danse No Gravity vous offre des troupes de performance pour tous les \u00e2ges \u00e0 partir de 7 ans. Ces troupes sont ceux qui repr\u00e9sentent l&rsquo;\u00e9cole lors de divers \u00e9v\u00e9nements durant l&rsquo;ann\u00e9e tels que des spectacles, des ateliers professionnels et des comp\u00e9titions.<\/h4>\n<div class=\"video-border\">\n<p>Faire partie d&rsquo;une troupe n&rsquo;est pas seulement qu&rsquo;une partie de plaisir. C&rsquo;est \u00e9galement de longues heures de pratique et d&rsquo;entra\u00eenement. C&rsquo;est pourquoi nous ne regardons pas seulement le talent lors de notre s\u00e9lection. Nos danseurs doivent poss\u00e9der la motivation et la d\u00e9termination requise pour atteindre un tel niveau. Une audition a lieu \u00e0 chaque automne afin de s\u00e9lectionner nos danseurs.<\/p>\n<p><iframe loading=\"lazy\" src=\"https:\/\/www.youtube.com\/embed\/1ztEl87k7gc\" width=\"560\" height=\"315\" frameborder=\"0\" allowfullscreen=\"allowfullscreen\"><\/iframe><\/p>\n<p>&nbsp;<\/p>\n<div class=\"video-border\">\n<h3><strong>AUDITIONS POUR L\u2019ANN\u00c9E 2020-2021!<\/strong><\/h3>\n<p><u>Troupes de Hip Hop:<\/u><br \/>\nDimanche 6\u00a0septembre<br \/>\n15h30 \u00e0 17h pour les 7-11 ans<br \/>\n18h \u00e0 20h pour les 12-25 ans<br \/>\n20h \u00e0 21h pour les 25 ans+<\/p>\n<p><u>Troupe de Breakdance:<\/u><br \/>\nLundi 14\u00a0septembre 19h35 \u00e0 21h05<\/p>\n<p><u>Troupe de Jazz:<\/u><br \/>\nSemaine du 11\u00a0septembre (date \u00e0 confirmer&#8230;)<\/p>\n<\/div>\n<p>Pour l\u2019une ou l\u2019autre des Auditions, vous devez absolument r\u00e9server votre place par t\u00e9l\u00e9phone 450-377-5132 ou courriel info@nogravity.ca. Bonne chance \u00e0 tous!<\/p>\n<p>&nbsp;<\/p>\n<p><strong>Quelques-uns des accomplissements de nos troupes:<\/strong><\/p>\n<p><strong>* Comp\u00e9tition Hit The Floor Gatineau:<\/strong><br \/>\n<img loading=\"lazy\" decoding=\"async\" class=\"img\" src=\"https:\/\/www.facebook.com\/images\/emoji.php\/v9\/ff4\/1\/16\/2728.png\" alt=\"\" width=\"16\" height=\"16\" \/><span class=\"_7oe\">&#x2728;\u00a0<\/span>3e place pour Cosmos<br \/>\n<img loading=\"lazy\" decoding=\"async\" class=\"img\" src=\"https:\/\/www.facebook.com\/images\/emoji.php\/v9\/ff4\/1\/16\/2728.png\" alt=\"\" width=\"16\" height=\"16\" \/><span class=\"_7oe\">&#x2728;\u00a0<\/span>2e place pour O&rsquo;Zone<br \/>\n<img loading=\"lazy\" decoding=\"async\" class=\"img\" src=\"https:\/\/www.facebook.com\/images\/emoji.php\/v9\/ff4\/1\/16\/2728.png\" alt=\"\" width=\"16\" height=\"16\" \/><span class=\"_7oe\">&#x2728;\u00a0<\/span>1e place pour G-Force<br \/>\n<img loading=\"lazy\" decoding=\"async\" class=\"img-responsive er1 alignnone wp-image-1189 size-large\" src=\"http:\/\/www.nogravity.ca\/nogravity_wp\/wp-content\/uploads\/2016\/01\/17388899_10155104426978209_612093491684267494_o-1024x768.jpg\" alt=\"\" width=\"474\" height=\"356\" srcset=\"https:\/\/www.nogravity.ca\/nogravity_wp\/wp-content\/uploads\/2016\/01\/17388899_10155104426978209_612093491684267494_o-1024x768.jpg 1024w, https:\/\/www.nogravity.ca\/nogravity_wp\/wp-content\/uploads\/2016\/01\/17388899_10155104426978209_612093491684267494_o-300x225.jpg 300w, https:\/\/www.nogravity.ca\/nogravity_wp\/wp-content\/uploads\/2016\/01\/17388899_10155104426978209_612093491684267494_o.jpg 1080w\" sizes=\"auto, (max-width: 474px) 100vw, 474px\" \/><\/p>\n<p><strong>* Comp\u00e9tition Hit The Floor L\u00e9vis:<\/strong><br \/>\n<img loading=\"lazy\" decoding=\"async\" class=\"img\" src=\"https:\/\/www.facebook.com\/images\/emoji.php\/v9\/ff4\/1\/16\/2728.png\" alt=\"\" width=\"16\" height=\"16\" \/><span class=\"_7oe\">&#x2728; \u00a0<\/span>3e place pour Cosmos<br \/>\n<span class=\"_5mfr _47e3\"><img loading=\"lazy\" decoding=\"async\" class=\"img\" src=\"https:\/\/www.facebook.com\/images\/emoji.php\/v9\/ff4\/1\/16\/2728.png\" alt=\"\" width=\"16\" height=\"16\" \/><span class=\"_7oe\">&#x2728;\u00a0<\/span><\/span>2e place pour la Production Galaxy<br \/>\n<span class=\"_5mfr _47e3\"><img loading=\"lazy\" decoding=\"async\" class=\"img\" src=\"https:\/\/www.facebook.com\/images\/emoji.php\/v9\/ff4\/1\/16\/2728.png\" alt=\"\" width=\"16\" height=\"16\" \/><span class=\"_7oe\">&#x2728;\u00a0<\/span><\/span>1ere place pour High Pressure<br \/>\n<span class=\"_5mfr _47e3\"><img loading=\"lazy\" decoding=\"async\" class=\"img\" src=\"https:\/\/www.facebook.com\/images\/emoji.php\/v9\/ff4\/1\/16\/2728.png\" alt=\"\" width=\"16\" height=\"16\" \/><span class=\"_7oe\">&#x2728;\u00a0<\/span><\/span>1ere place pour Elevation<br \/>\n<span class=\"_5mfr _47e3\"><img loading=\"lazy\" decoding=\"async\" class=\"img\" src=\"https:\/\/www.facebook.com\/images\/emoji.php\/v9\/ff4\/1\/16\/2728.png\" alt=\"\" width=\"16\" height=\"16\" \/><span class=\"_7oe\">&#x2728;\u00a0<\/span><\/span>1ere place pour G-Force + plus haut pointage parmis tous les groupes et productions Novices<br \/>\n<img loading=\"lazy\" decoding=\"async\" class=\"img-responsive er1 alignnone wp-image-1195 size-full\" src=\"http:\/\/www.nogravity.ca\/nogravity_wp\/wp-content\/uploads\/2016\/01\/18557159_10158643155590043_2869172642883621266_n.jpg\" alt=\"\" width=\"720\" height=\"960\" srcset=\"https:\/\/www.nogravity.ca\/nogravity_wp\/wp-content\/uploads\/2016\/01\/18557159_10158643155590043_2869172642883621266_n.jpg 720w, https:\/\/www.nogravity.ca\/nogravity_wp\/wp-content\/uploads\/2016\/01\/18557159_10158643155590043_2869172642883621266_n-225x300.jpg 225w\" sizes=\"auto, (max-width: 720px) 100vw, 720px\" \/><\/p>\n<p><strong>* Comp\u00e9tition nationale Hip Hop Canada:<\/strong><br \/>\n<img loading=\"lazy\" decoding=\"async\" class=\"img\" src=\"https:\/\/www.facebook.com\/images\/emoji.php\/v9\/ff4\/1\/16\/2728.png\" alt=\"\" width=\"16\" height=\"16\" \/><span class=\"_7oe\">&#x2728; 1e place pour G-Force!<br \/>\n<img loading=\"lazy\" decoding=\"async\" class=\"img-responsive er1 alignnone wp-image-1190 size-full\" src=\"http:\/\/www.nogravity.ca\/nogravity_wp\/wp-content\/uploads\/2016\/01\/18836785_10155351447973209_6455852725366620795_o.jpg\" alt=\"\" width=\"1080\" height=\"1080\" srcset=\"https:\/\/www.nogravity.ca\/nogravity_wp\/wp-content\/uploads\/2016\/01\/18836785_10155351447973209_6455852725366620795_o.jpg 1080w, https:\/\/www.nogravity.ca\/nogravity_wp\/wp-content\/uploads\/2016\/01\/18836785_10155351447973209_6455852725366620795_o-150x150.jpg 150w, https:\/\/www.nogravity.ca\/nogravity_wp\/wp-content\/uploads\/2016\/01\/18836785_10155351447973209_6455852725366620795_o-300x300.jpg 300w, https:\/\/www.nogravity.ca\/nogravity_wp\/wp-content\/uploads\/2016\/01\/18836785_10155351447973209_6455852725366620795_o-1024x1024.jpg 1024w\" sizes=\"auto, (max-width: 1080px) 100vw, 1080px\" \/><br \/>\n<\/span><\/p>\n<\/div>\n<div class=\"video-border\"><span class=\"_7oe\"><strong>* Spectacles professionnels:<\/strong><br \/>\n<\/span><img loading=\"lazy\" decoding=\"async\" class=\"img\" src=\"https:\/\/www.facebook.com\/images\/emoji.php\/v9\/ff4\/1\/16\/2728.png\" alt=\"\" width=\"16\" height=\"16\" \/><span class=\"_7oe\">&#x2728; Premi\u00e8re partie du spectacle de Katherine Levac pour la troupe Cosmos<\/span><\/div>\n<div class=\"video-border\">\n<p><span class=\"_7oe\"><img loading=\"lazy\" decoding=\"async\" class=\"img-responsive er1 alignnone wp-image-1192 size-full\" src=\"http:\/\/www.nogravity.ca\/nogravity_wp\/wp-content\/uploads\/2016\/01\/17800124_10155163863598209_8698579834001272551_n-1.jpg\" alt=\"\" width=\"960\" height=\"576\" srcset=\"https:\/\/www.nogravity.ca\/nogravity_wp\/wp-content\/uploads\/2016\/01\/17800124_10155163863598209_8698579834001272551_n-1.jpg 960w, https:\/\/www.nogravity.ca\/nogravity_wp\/wp-content\/uploads\/2016\/01\/17800124_10155163863598209_8698579834001272551_n-1-300x180.jpg 300w\" sizes=\"auto, (max-width: 960px) 100vw, 960px\" \/><\/span><\/p>\n<p><img loading=\"lazy\" decoding=\"async\" class=\"img\" src=\"https:\/\/www.facebook.com\/images\/emoji.php\/v9\/ff4\/1\/16\/2728.png\" alt=\"\" width=\"16\" height=\"16\" \/><span class=\"_7oe\">&#x2728; R\u00e9gates de Valleyfield pour la troupe AtMustFear<br \/>\n<img loading=\"lazy\" decoding=\"async\" class=\"img-responsive er1 alignnone wp-image-1193 size-full\" src=\"http:\/\/www.nogravity.ca\/nogravity_wp\/wp-content\/uploads\/2016\/01\/11145037_935413123186504_2253727352466295982_n.jpg\" alt=\"\" width=\"900\" height=\"498\" srcset=\"https:\/\/www.nogravity.ca\/nogravity_wp\/wp-content\/uploads\/2016\/01\/11145037_935413123186504_2253727352466295982_n.jpg 900w, https:\/\/www.nogravity.ca\/nogravity_wp\/wp-content\/uploads\/2016\/01\/11145037_935413123186504_2253727352466295982_n-300x166.jpg 300w, https:\/\/www.nogravity.ca\/nogravity_wp\/wp-content\/uploads\/2016\/01\/11145037_935413123186504_2253727352466295982_n-672x372.jpg 672w\" sizes=\"auto, (max-width: 900px) 100vw, 900px\" \/><\/span><\/p>\n<p><img loading=\"lazy\" decoding=\"async\" class=\"img\" src=\"https:\/\/www.facebook.com\/images\/emoji.php\/v9\/ff4\/1\/16\/2728.png\" alt=\"\" width=\"16\" height=\"16\" \/><span class=\"_7oe\">&#x2728; Danseurs pour Dubmatique lors de leur spectacle aux Francofolies<br \/>\n<img loading=\"lazy\" decoding=\"async\" class=\"img-responsive er1 alignnone wp-image-1194 size-full\" src=\"http:\/\/www.nogravity.ca\/nogravity_wp\/wp-content\/uploads\/2016\/01\/19145914_10155399886458209_8265089254621335505_n-1.jpg\" alt=\"\" width=\"960\" height=\"960\" srcset=\"https:\/\/www.nogravity.ca\/nogravity_wp\/wp-content\/uploads\/2016\/01\/19145914_10155399886458209_8265089254621335505_n-1.jpg 960w, https:\/\/www.nogravity.ca\/nogravity_wp\/wp-content\/uploads\/2016\/01\/19145914_10155399886458209_8265089254621335505_n-1-150x150.jpg 150w, https:\/\/www.nogravity.ca\/nogravity_wp\/wp-content\/uploads\/2016\/01\/19145914_10155399886458209_8265089254621335505_n-1-300x300.jpg 300w\" sizes=\"auto, (max-width: 960px) 100vw, 960px\" \/><br \/>\n<\/span><\/p>\n<\/div>\n<div class=\"video-border\"><\/div>\n<p><\/p>","protected":false},"excerpt":{"rendered":"<p>L&rsquo;Acad\u00e9mie de danse No Gravity vous offre des troupes de performance pour tous les \u00e2ges \u00e0 partir de 7 ans. Ces troupes sont ceux qui repr\u00e9sentent l&rsquo;\u00e9cole lors de divers \u00e9v\u00e9nements durant l&rsquo;ann\u00e9e tels que des spectacles, des ateliers professionnels et des comp\u00e9titions. Faire partie d&rsquo;une troupe n&rsquo;est pas seulement qu&rsquo;une partie de plaisir. C&rsquo;est &hellip; <a href=\"https:\/\/www.nogravity.ca\/nogravity_wp\/troupes\/\" class=\"more-link\">Continuer la lecture de <span class=\"screen-reader-text\">Troupes comp\u00e9titives<\/span> <span class=\"meta-nav\">&rarr;<\/span><\/a><\/p>\n","protected":false},"author":1,"featured_media":909,"parent":0,"menu_order":0,"comment_status":"closed","ping_status":"closed","template":"page-templates\/troupes.php","meta":{"_acf_changed":false,"footnotes":""},"class_list":["post-40","page","type-page","status-publish","has-post-thumbnail","hentry"],"acf":[],"aioseo_notices":[],"_links":{"self":[{"href":"https:\/\/www.nogravity.ca\/nogravity_wp\/wp-json\/wp\/v2\/pages\/40","targetHints":{"allow":["GET"]}}],"collection":[{"href":"https:\/\/www.nogravity.ca\/nogravity_wp\/wp-json\/wp\/v2\/pages"}],"about":[{"href":"https:\/\/www.nogravity.ca\/nogravity_wp\/wp-json\/wp\/v2\/types\/page"}],"author":[{"embeddable":true,"href":"https:\/\/www.nogravity.ca\/nogravity_wp\/wp-json\/wp\/v2\/users\/1"}],"replies":[{"embeddable":true,"href":"https:\/\/www.nogravity.ca\/nogravity_wp\/wp-json\/wp\/v2\/comments?post=40"}],"version-history":[{"count":23,"href":"https:\/\/www.nogravity.ca\/nogravity_wp\/wp-json\/wp\/v2\/pages\/40\/revisions"}],"predecessor-version":[{"id":1681,"href":"https:\/\/www.nogravity.ca\/nogravity_wp\/wp-json\/wp\/v2\/pages\/40\/revisions\/1681"}],"wp:featuredmedia":[{"embeddable":true,"href":"https:\/\/www.nogravity.ca\/nogravity_wp\/wp-json\/wp\/v2\/media\/909"}],"wp:attachment":[{"href":"https:\/\/www.nogravity.ca\/nogravity_wp\/wp-json\/wp\/v2\/media?parent=40"}],"curies":[{"name":"wp","href":"https:\/\/api.w.org\/{rel}","templated":true}]}}