{"id":4,"date":"2016-01-21T06:54:17","date_gmt":"2016-01-21T06:54:17","guid":{"rendered":"http:\/\/www.nogravity.ca\/nogravity_wp\/?page_id=4"},"modified":"2024-12-18T00:44:14","modified_gmt":"2024-12-18T00:44:14","slug":"home-page","status":"publish","type":"page","link":"https:\/\/www.nogravity.ca\/nogravity_wp\/","title":{"rendered":"Home Page"},"content":{"rendered":"<p><video poster=\"https:\/\/www.nogravity.ca\/video\/studio-nogravity-tous-nos-services.jpg\" controls=\"controls\" width=\"300\" height=\"150\"><source src=\"https:\/\/www.nogravity.ca\/video\/studio-nogravity-tous-nos-services.mp4\" type=\"video\/mp4\" type=\"video\/mp4\" \/>Your browser does not support the video tag.<\/video><\/p>\n<h1 class=\"heading wow fadeInUp\" data-wow-delay=\"500ms\" data-wow-duration=\"400ms\"><strong>Bienvenue chez vous<\/strong><\/h1>\n<p class=\"wow fadeInUp\" data-wow-delay=\"600ms\" data-wow-duration=\"300ms\">L\u2019 Acad\u00e9mie de danse No Gravity est une \u00e9cole de danses urbaines situ\u00e9e \u00e0 Salaberry-de-Valleyfield. Fond\u00e9e en 2006, elle ne comptait qu\u2019une trentaine d&rsquo;\u00e9l\u00e8ves \u00e0 sa premi\u00e8re session. Aujourd&rsquo;hui, ils ont la chance d&rsquo;enseigner l&rsquo;essence des danses urbaines \u00e0 plus de 600 passionn\u00e9s de cet art de la sc\u00e8ne. Bouts de choux, enfants, adolescents, adultes et m\u00eame grands-parents, tous se rassemblent \u00e0 chaque semaine afin de suivre une formation de qualit\u00e9, dans une ambiance de plaisir.<\/p>\n<h2 data-wow-delay=\"600ms\" data-wow-duration=\"300ms\"><strong>NOTRE MISSION :<\/strong><\/h2>\n<p data-wow-delay=\"600ms\" data-wow-duration=\"300ms\">Faire briller chaque personne qui entre au studio, en augmentant sa confiance \u00e0 travers la danse!<\/p>\n<h2 data-wow-delay=\"600ms\" data-wow-duration=\"300ms\">Chez No Gravity, nous honorons<\/h2>\n<div class=\"_2cuy _3dgx _2vxa\"><span class=\"_4yxo\"><strong>1- La Confiance :<\/strong> <span class=\"text_exposed_show\"><br \/>\nNous croyons que lorsqu\u2019une personne a confiance en elle, elle peut r\u00e9aliser l\u2019impossible.<\/span><\/span><\/div>\n<div><\/div>\n<div class=\"text_exposed_show\">\n<div class=\"_2cuy _3dgx _2vxa\"><span class=\"_4yxo\"><strong>2- L\u2019Excellence :<\/strong><br \/>\nNous offrons un enseignement de haute qualit\u00e9. Nous innovons constamment en restant \u00e0 l\u2019aff\u00fbt des nouvelles tendances.<\/span><\/div>\n<div><\/div>\n<div class=\"_2cuy _3dgx _2vxa\"><span class=\"_4yxo\"><strong>3- Le Plaisir :<\/strong><br \/>\nNous croyons qu\u2019apprendre en s\u2019amusant, c\u2019est la cl\u00e9 du succ\u00e8s.<\/span><\/div>\n<div><\/div>\n<div class=\"_2cuy _3dgx _2vxa\"><span class=\"_4yxo\"><strong>4- Le Professionnalisme :<\/strong><br \/>\nNous le refl\u00e9tons \u00e0 travers notre comp\u00e9tence, notre fiabilit\u00e9 et notre communication authentique. Nous vous offrons un service client chaleureux, personnalis\u00e9 et proactif.<\/span><\/div>\n<div><\/div>\n<div class=\"_2cuy _3dgx _2vxa\"><span class=\"_4yxo\"><strong>5- Le Respect :<\/strong><br \/>\nNous travaillons ardemment \u00e0 enrayer toute forme d\u2019intimidation entre nos portes.<\/span><\/div>\n<div><\/div>\n<div class=\"_2cuy _3dgx _2vxa\"><span class=\"_4yxo\"><strong>6- Le D\u00e9passement de soi :<\/strong><br \/>\nNous cherchons \u00e0 constamment repousser nos limites et sortir de notre zone de confort. Never a master, always a student.<\/span><\/div>\n<div><\/div>\n<div class=\"_2cuy _3dgx _2vxa\"><span class=\"_4yxo\"><strong>7- Le Positivisme :<\/strong><br \/>\nNous croyons fermement que tout est possible et qu\u2019il y a une solution \u00e0 tout. Si tu ne peux accomplir quelque chose aujourd\u2019hui, rien ne dit que tu ne pourras pas demain.<\/span><\/div>\n<div><\/div>\n<div class=\"_2cuy _3dgx _2vxa\"><span class=\"_4yxo\"><strong>8- La Communaut\u00e9 :<\/strong><br \/>\nNous sommes solidaires \u00e0 travers l\u2019entraide et l\u2019encouragement. Chez No Gravity, le d\u00e9veloppement de l\u2019\u00eatre humain passe avant tout. One Family One Love!<\/span><\/div>\n<\/div>\n<p><\/p>","protected":false},"excerpt":{"rendered":"<p>Your browser does not support the video tag. Bienvenue chez vous L\u2019 Acad\u00e9mie de danse No Gravity est une \u00e9cole de danses urbaines situ\u00e9e \u00e0 Salaberry-de-Valleyfield. Fond\u00e9e en 2006, elle ne comptait qu\u2019une trentaine d&rsquo;\u00e9l\u00e8ves \u00e0 sa premi\u00e8re session. Aujourd&rsquo;hui, ils ont la chance d&rsquo;enseigner l&rsquo;essence des danses urbaines \u00e0 plus de 600 passionn\u00e9s de &hellip; <a href=\"https:\/\/www.nogravity.ca\/nogravity_wp\/\" class=\"more-link\">Continuer la lecture de <span class=\"screen-reader-text\">Home Page<\/span> <span class=\"meta-nav\">&rarr;<\/span><\/a><\/p>\n","protected":false},"author":1,"featured_media":0,"parent":0,"menu_order":0,"comment_status":"closed","ping_status":"closed","template":"page-templates\/homepage.php","meta":{"_acf_changed":false,"footnotes":""},"class_list":["post-4","page","type-page","status-publish","hentry"],"acf":[],"aioseo_notices":[],"_links":{"self":[{"href":"https:\/\/www.nogravity.ca\/nogravity_wp\/wp-json\/wp\/v2\/pages\/4","targetHints":{"allow":["GET"]}}],"collection":[{"href":"https:\/\/www.nogravity.ca\/nogravity_wp\/wp-json\/wp\/v2\/pages"}],"about":[{"href":"https:\/\/www.nogravity.ca\/nogravity_wp\/wp-json\/wp\/v2\/types\/page"}],"author":[{"embeddable":true,"href":"https:\/\/www.nogravity.ca\/nogravity_wp\/wp-json\/wp\/v2\/users\/1"}],"replies":[{"embeddable":true,"href":"https:\/\/www.nogravity.ca\/nogravity_wp\/wp-json\/wp\/v2\/comments?post=4"}],"version-history":[{"count":25,"href":"https:\/\/www.nogravity.ca\/nogravity_wp\/wp-json\/wp\/v2\/pages\/4\/revisions"}],"predecessor-version":[{"id":1804,"href":"https:\/\/www.nogravity.ca\/nogravity_wp\/wp-json\/wp\/v2\/pages\/4\/revisions\/1804"}],"wp:attachment":[{"href":"https:\/\/www.nogravity.ca\/nogravity_wp\/wp-json\/wp\/v2\/media?parent=4"}],"curies":[{"name":"wp","href":"https:\/\/api.w.org\/{rel}","templated":true}]}}