{"id":351,"date":"2016-02-04T10:19:34","date_gmt":"2016-02-04T10:19:34","guid":{"rendered":"http:\/\/www.nogravity.ca\/nogravity_wp\/?page_id=351"},"modified":"2024-10-23T17:16:26","modified_gmt":"2024-10-23T17:16:26","slug":"comment-se-joindre-a-nous","status":"publish","type":"page","link":"https:\/\/www.nogravity.ca\/nogravity_wp\/comment-se-joindre-a-nous\/","title":{"rendered":"Comment vous joindre \u00e0 No Gravity"},"content":{"rendered":"<p>Inscriptions en tout temps par t\u00e9l\u00e9phone\u00a0 450.377.5132<\/p>\n<h4>Incertain du cours que vous\/votre enfant d\u00e9sirez suivre?<\/h4>\n<p class=\"dance_p\">Remplissez les champs ci-dessous pour obtenir gratuitement votre Passe illimit\u00e9e de 7 jours! Nous vous contacterons sous peu.<\/p>\n<p class=\"dance_p\">Merci pour votre int\u00e9r\u00eat envers notre \u00e9cole!<\/p>\n<div class=\"contact_form_new\">\n                <div class='gf_browser_gecko gform_wrapper' id='gform_wrapper_3' ><form method='post' enctype='multipart\/form-data'  id='gform_3'  action='\/nogravity_wp\/wp-json\/wp\/v2\/pages\/351'>\n                        <div class='gform_heading'>\n                            <h3 class='gform_title'>Nous joindre<\/h3>\n                            <span class='gform_description'><\/span>\n                        <\/div>\n                        <div class='gform_body'><ul id='gform_fields_3' class='gform_fields top_label form_sublabel_below description_below'><li id='field_3_1' class='gfield gfield_contains_required field_sublabel_below field_description_below' ><label class='gfield_label' for='input_3_1' >Pr\u00e9nom du future \u00e9l\u00e8ve<span class='gfield_required'>*<\/span><\/label><div class='ginput_container ginput_container_text'><input name='input_1' id='input_3_1' type='text' value='' class='medium'  tabindex='1'   \/><\/div><div class='gfield_description'>Pr\u00e9nom du futur \u00e9l\u00e8ve<\/div><\/li><li id='field_3_2' class='gfield gfield_contains_required field_sublabel_below field_description_below' ><label class='gfield_label' for='input_3_2' >Nom du future \u00e9l\u00e8ve<span class='gfield_required'>*<\/span><\/label><div class='ginput_container ginput_container_text'><input name='input_2' id='input_3_2' type='text' value='' class='medium'  tabindex='2'   \/><\/div><\/li><li id='field_3_3' class='gfield gfield_contains_required field_sublabel_below field_description_below' ><label class='gfield_label' for='input_3_3' >\u00c2ge du future \u00e9l\u00e8ve<span class='gfield_required'>*<\/span><\/label><div class='ginput_container ginput_container_number'><input name='input_3' id='input_3_3' type='text'    value='' class='medium' tabindex='3'    \/><div class='instruction '>Please enter a value between <strong>1<\/strong> and <strong>150<\/strong>.<\/div><\/div><\/li><li id='field_3_4' class='gfield gfield_contains_required field_sublabel_below field_description_below' ><label class='gfield_label' for='input_3_4' >T\u00e9l\u00e9phone<span class='gfield_required'>*<\/span><\/label><div class='ginput_container ginput_container_phone'><input name='input_4' id='input_3_4' type='text' value='' class='medium' tabindex='4'   \/><\/div><\/li><li id='field_3_5' class='gfield gfield_contains_required field_sublabel_below field_description_below' ><label class='gfield_label' for='input_3_5' >Courriel<span class='gfield_required'>*<\/span><\/label><div class='ginput_container ginput_container_email'>\n                            <input name='input_5' id='input_3_5' type='text' value='' class='medium' tabindex='5'   \/>\n                        <\/div><\/li><li id='field_3_6' class='gfield gfield_contains_required field_sublabel_below field_description_below' ><label class='gfield_label' for='input_3_6' >Style \u00e0 essayer<span class='gfield_required'>*<\/span><\/label><div class='ginput_container ginput_container_select'><select name='input_6' id='input_3_6'  class='medium gfield_select' tabindex='6' ><option value='Petits Pieds (2-3 ans)' >Petits Pieds (2-3 ans)<\/option><option value='Mini-Pop (3-4 ans)' >Mini-Pop (3-4 ans)<\/option><option value='Mini-Ballet (3-6 ans)' >Mini-Ballet (3-6 ans)<\/option><option value='Mini-Break (4-6 ans)' >Mini-Break (4-6 ans)<\/option><option value='Mini-Pop (5-6 ans)' >Mini-Pop (5-6 ans)<\/option><option value='Breakdance (7 ans et +)' >Breakdance (7 ans et +)<\/option><option value='Hip Hop Gar\u00e7ons (7 ans +)' >Hip Hop Gar\u00e7ons (7 ans +)<\/option><option value='Hip Hop (7-9 ans)' >Hip Hop (7-9 ans)<\/option><option value='Hip Hop (10-12 ans)' >Hip Hop (10-12 ans)<\/option><option value='Hip Hop (7-12 ans)' >Hip Hop (7-12 ans)<\/option><option value='Girly (7-12 ans)' >Girly (7-12 ans)<\/option><option value='Girly (7-9 ans)' >Girly (7-9 ans)<\/option><option value='Girly (10-12 ans)' >Girly (10-12 ans)<\/option><option value='Street Jazz (7-12 ans)' >Street Jazz (7-12 ans)<\/option><option value='Hip Hop (Ados)' >Hip Hop (Ados)<\/option><option value='Com\u00e9die Musicale (13 ans +)' >Com\u00e9die Musicale (13 ans +)<\/option><option value='Cardio Ballet (13 ans +)' >Cardio Ballet (13 ans +)<\/option><option value='Burlesque (Adultes)' >Burlesque (Adultes)<\/option><option value='Hip Hop (Adultes)' >Hip Hop (Adultes)<\/option><option value='Hip Hop Dads (Adultes)' >Hip Hop Dads (Adultes)<\/option><option value='Bungee Fitness (Adultes)' >Bungee Fitness (Adultes)<\/option><option value='Lyrique (Adultes)' >Lyrique (Adultes)<\/option><option value='Zumba (Adultes)' >Zumba (Adultes)<\/option><option value='No Limit (Tous \u00e2ges besoins particuliers)' >No Limit (Tous \u00e2ges besoins particuliers)<\/option><\/select><\/div><\/li>\n                            <\/ul><\/div>\n        <div class='gform_footer top_label'> <input type='submit' id='gform_submit_button_3' class='gform_button button' value='Submit' tabindex='7' onclick='if(window[\"gf_submitting_3\"]){return false;}  window[\"gf_submitting_3\"]=true;  ' \/> \n            <input type='hidden' class='gform_hidden' name='is_submit_3' value='1' \/>\n            <input type='hidden' class='gform_hidden' name='gform_submit' value='3' \/>\n            \n            <input type='hidden' class='gform_hidden' name='gform_unique_id' value='' \/>\n            <input type='hidden' class='gform_hidden' name='state_3' value='WyJbXSIsIjkzYTg5YmYwZWY2YmY4NWQ1NDU5YmU4OGRiNTk1ZTNiIl0=' \/>\n            <input type='hidden' class='gform_hidden' name='gform_target_page_number_3' id='gform_target_page_number_3' value='0' \/>\n            <input type='hidden' class='gform_hidden' name='gform_source_page_number_3' id='gform_source_page_number_3' value='1' \/>\n            <input type='hidden' name='gform_field_values' value='' \/>\n            \n        <\/div>\n                        <\/form>\n                        <\/div><script type='text\/javascript'> jQuery(document).bind('gform_post_render', function(event, formId, currentPage){if(formId == 3) {if(!\/(android)\/i.test(navigator.userAgent)){jQuery('#input_3_4').mask('(999) 999-9999').bind('keypress', function(e){if(e.which == 13){jQuery(this).blur();} } );}} } );jQuery(document).bind('gform_post_conditional_logic', function(event, formId, fields, isInit){} );<\/script><script type='text\/javascript'> jQuery(document).ready(function(){jQuery(document).trigger('gform_post_render', [3, 1]) } ); <\/script><\/div>\n<p><\/p>","protected":false},"excerpt":{"rendered":"<p>Inscriptions en tout temps par t\u00e9l\u00e9phone\u00a0 450.377.5132 Incertain du cours que vous\/votre enfant d\u00e9sirez suivre? Remplissez les champs ci-dessous pour obtenir gratuitement votre Passe illimit\u00e9e de 7 jours! Nous vous contacterons sous peu. Merci pour votre int\u00e9r\u00eat envers notre \u00e9cole!<\/p>\n","protected":false},"author":1,"featured_media":671,"parent":0,"menu_order":0,"comment_status":"closed","ping_status":"closed","template":"page-templates\/common_page.php","meta":{"_acf_changed":false,"footnotes":""},"class_list":["post-351","page","type-page","status-publish","has-post-thumbnail","hentry"],"acf":[],"aioseo_notices":[],"_links":{"self":[{"href":"https:\/\/www.nogravity.ca\/nogravity_wp\/wp-json\/wp\/v2\/pages\/351","targetHints":{"allow":["GET"]}}],"collection":[{"href":"https:\/\/www.nogravity.ca\/nogravity_wp\/wp-json\/wp\/v2\/pages"}],"about":[{"href":"https:\/\/www.nogravity.ca\/nogravity_wp\/wp-json\/wp\/v2\/types\/page"}],"author":[{"embeddable":true,"href":"https:\/\/www.nogravity.ca\/nogravity_wp\/wp-json\/wp\/v2\/users\/1"}],"replies":[{"embeddable":true,"href":"https:\/\/www.nogravity.ca\/nogravity_wp\/wp-json\/wp\/v2\/comments?post=351"}],"version-history":[{"count":26,"href":"https:\/\/www.nogravity.ca\/nogravity_wp\/wp-json\/wp\/v2\/pages\/351\/revisions"}],"predecessor-version":[{"id":1788,"href":"https:\/\/www.nogravity.ca\/nogravity_wp\/wp-json\/wp\/v2\/pages\/351\/revisions\/1788"}],"wp:featuredmedia":[{"embeddable":true,"href":"https:\/\/www.nogravity.ca\/nogravity_wp\/wp-json\/wp\/v2\/media\/671"}],"wp:attachment":[{"href":"https:\/\/www.nogravity.ca\/nogravity_wp\/wp-json\/wp\/v2\/media?parent=351"}],"curies":[{"name":"wp","href":"https:\/\/api.w.org\/{rel}","templated":true}]}}