{"id":207,"date":"2016-01-29T11:01:36","date_gmt":"2016-01-29T11:01:36","guid":{"rendered":"http:\/\/www.nogravity.ca\/nogravity_wp\/?page_id=207"},"modified":"2019-10-15T23:31:58","modified_gmt":"2019-10-15T23:31:58","slug":"cours-prives-ou-semi-prives","status":"publish","type":"page","link":"https:\/\/www.nogravity.ca\/nogravity_wp\/cours-prives-ou-semi-prives\/","title":{"rendered":"Cours priv\u00e9s (et semi-priv\u00e9s)"},"content":{"rendered":"<h4>Service de chor\u00e9graphe personnel<\/h4>\n<p class=\"dance_p\">Vous avez toujours r\u00eav\u00e9 d&rsquo;apprendre \u00e0 danser, mais n&rsquo;\u00eates pas chaud \u00e0 l&rsquo;id\u00e9e de faire partie d&rsquo;un groupe? Si la g\u00eane vous emp\u00eache de danser, ou si vous d\u00e9sirez tout simplement approfondir vos connaissances \u00e0 une vitesse acc\u00e9l\u00e9r\u00e9e, faites appel \u00e0 notre service de cours priv\u00e9s.<\/p>\n<p class=\"dance_p\">Vous apprendrez beaucoup plus rapidement que dans un cours de groupe, gr\u00e2ce \u00e0 l&rsquo;aspect personnalis\u00e9 d&rsquo;un cours priv\u00e9. Ce service est aussi disponible pour quiconque se pr\u00e9parant \u00e0 un \u00e9v\u00e8nement de danse (spectacle, comp\u00e9tition, etc.) d\u00e9sirant un encadrement professionnel.<\/p>\n<p>Tarifs:<\/p>\n<h4>Cours de 30 minutes<\/h4>\n<ul class=\"propos_ul\">\n<li><i class=\"fa fa-caret-right\">Priv\u00e9 (<\/i>1\u00a0 personne)\u00a0= 35$<\/li>\n<li><em>Semi-priv\u00e9<\/em> (2-4 personnes) = 20$\/personne<\/li>\n<li><em>Groupe occasionnel<\/em> (5\u00a0personnes +) = 10$\/personne<\/li>\n<\/ul>\n<h4 class=\"dance_p\">Cours de 60 minutes<\/h4>\n<ul class=\"propos_ul\">\n<li><i class=\"fa fa-caret-right\">Priv\u00e9 (<\/i>1 personne) = 60$<\/li>\n<li><em>Semi-priv\u00e9<\/em> (2-4 personnes) = 40$\/personne<\/li>\n<li><em>Groupe occasionnel<\/em> (5 personnes +) = 20$\/personne<\/li>\n<\/ul>\n<h4 class=\"dance_p\">Inclus:<\/h4>\n<ul class=\"propos_ul\">\n<li><i class=\"fa fa-caret-right\"><\/i>Possibilit\u00e9 d&rsquo;\u00eatre un maximum de 3 \u00e9l\u00e8ves par cours semi-priv\u00e9s et donc de vous s\u00e9parer le co\u00fbt<i class=\"fa fa-caret-right\"><\/i><\/li>\n<li><i class=\"fa fa-caret-right\"><\/i>Cr\u00e9ation d&rsquo;une chor\u00e9graphie si d\u00e9sir\u00e9<\/li>\n<\/ul>\n<ul>\n<li>Rabais pour achat de 10 cours priv\u00e9s ou plus!<\/li>\n<\/ul>\n<p>&nbsp;<\/p>\n<p class=\"dance_p\">R\u00e9servez d\u00e8s aujourd&rsquo;hui avec le professeur de votre choix!<br \/>\n450-377-5132<\/p>\n<p><\/p>","protected":false},"excerpt":{"rendered":"<p>Service de chor\u00e9graphe personnel Vous avez toujours r\u00eav\u00e9 d&rsquo;apprendre \u00e0 danser, mais n&rsquo;\u00eates pas chaud \u00e0 l&rsquo;id\u00e9e de faire partie d&rsquo;un groupe? Si la g\u00eane vous emp\u00eache de danser, ou si vous d\u00e9sirez tout simplement approfondir vos connaissances \u00e0 une vitesse acc\u00e9l\u00e9r\u00e9e, faites appel \u00e0 notre service de cours priv\u00e9s. Vous apprendrez beaucoup plus rapidement &hellip; <a href=\"https:\/\/www.nogravity.ca\/nogravity_wp\/cours-prives-ou-semi-prives\/\" class=\"more-link\">Continuer la lecture de <span class=\"screen-reader-text\">Cours priv\u00e9s (et semi-priv\u00e9s)<\/span> <span class=\"meta-nav\">&rarr;<\/span><\/a><\/p>\n","protected":false},"author":1,"featured_media":690,"parent":0,"menu_order":0,"comment_status":"closed","ping_status":"closed","template":"page-templates\/common_page.php","meta":{"_acf_changed":false,"footnotes":""},"class_list":["post-207","page","type-page","status-publish","has-post-thumbnail","hentry"],"acf":[],"aioseo_notices":[],"_links":{"self":[{"href":"https:\/\/www.nogravity.ca\/nogravity_wp\/wp-json\/wp\/v2\/pages\/207","targetHints":{"allow":["GET"]}}],"collection":[{"href":"https:\/\/www.nogravity.ca\/nogravity_wp\/wp-json\/wp\/v2\/pages"}],"about":[{"href":"https:\/\/www.nogravity.ca\/nogravity_wp\/wp-json\/wp\/v2\/types\/page"}],"author":[{"embeddable":true,"href":"https:\/\/www.nogravity.ca\/nogravity_wp\/wp-json\/wp\/v2\/users\/1"}],"replies":[{"embeddable":true,"href":"https:\/\/www.nogravity.ca\/nogravity_wp\/wp-json\/wp\/v2\/comments?post=207"}],"version-history":[{"count":9,"href":"https:\/\/www.nogravity.ca\/nogravity_wp\/wp-json\/wp\/v2\/pages\/207\/revisions"}],"predecessor-version":[{"id":1611,"href":"https:\/\/www.nogravity.ca\/nogravity_wp\/wp-json\/wp\/v2\/pages\/207\/revisions\/1611"}],"wp:featuredmedia":[{"embeddable":true,"href":"https:\/\/www.nogravity.ca\/nogravity_wp\/wp-json\/wp\/v2\/media\/690"}],"wp:attachment":[{"href":"https:\/\/www.nogravity.ca\/nogravity_wp\/wp-json\/wp\/v2\/media?parent=207"}],"curies":[{"name":"wp","href":"https:\/\/api.w.org\/{rel}","templated":true}]}}