{"id":201,"date":"2016-01-29T07:07:57","date_gmt":"2016-01-29T07:07:57","guid":{"rendered":"http:\/\/www.nogravity.ca\/nogravity_wp\/?page_id=201"},"modified":"2020-01-14T21:02:43","modified_gmt":"2020-01-14T21:02:43","slug":"cours-mobiles","status":"publish","type":"page","link":"https:\/\/www.nogravity.ca\/nogravity_wp\/cours-mobiles\/","title":{"rendered":"Cours mobiles"},"content":{"rendered":"<h4>Nos professeurs se d\u00e9placent directement dans vos \u00e9tablissements pour vous enseigner la danse!<\/h4>\n<p>HIP HOP &#8211; ZUMBA POUR ENFANTS &#8211; CONFI-DANSE (programme pour augmenter la confiance en soi \u00e0 travers la danse)<\/p>\n<ul class=\"propos_ul\">\n<li><i class=\"fa fa-caret-right\"><\/i>Garderies<\/li>\n<li><i class=\"fa fa-caret-right\"><\/i>Pr\u00e9-maternelles<\/li>\n<li><i class=\"fa fa-caret-right\"><\/i>\u00c9coles primaires et secondaires<\/li>\n<li><i class=\"fa fa-caret-right\"><\/i>C\u00e9geps<\/li>\n<li><i class=\"fa fa-caret-right\"><\/i>Camps de jour<\/li>\n<li><i class=\"fa fa-caret-right\"><\/i>Municipalit\u00e9s<\/li>\n<li><i class=\"fa fa-caret-right\"><\/i>Entreprises<\/li>\n<\/ul>\n<h4><a href=\"https:\/\/www.youtube.com\/watch?v=tlMd5HOjH8Y\">Cliquez ici pour voir un montage vid\u00e9o de quelques endroits o\u00f9 nous enseignons<\/a><\/h4>\n<p>Tarif: 9$\/cours\/personne<\/p>\n<p class=\"dance_p\">* Taxes incluses<br \/>\nExemple: Pour une session de 8 cours, le co\u00fbt pour chaque personne d\u00e9sirant s&rsquo;inscrire serait de 72$.<\/p>\n<h4>Inclus dans le tarif:<\/h4>\n<ul class=\"propos_ul\">\n<li><i class=\"fa fa-caret-right\"><\/i>Un cours de danse d&rsquo;une dur\u00e9e d&rsquo;une heure<\/li>\n<li><i class=\"fa fa-caret-right\"><\/i>Syst\u00e8me de son fournit par le professeur \u00e0 la demande de l&rsquo;\u00e9tablissement<\/li>\n<li><i class=\"fa fa-caret-right\"><\/i>Le d\u00e9placement du professeur dans la r\u00e9gion de Vaudreuil-Soulanges ou du Suro\u00eet<\/li>\n<li><i class=\"fa fa-caret-right\"><\/i>La pr\u00e9sentation d&rsquo;un spectacle \u00e0 la fin de la session<br \/>\n<h6><\/h6>\n<h6>Quelques \u00e9coles o\u00f9 nous enseignons ou avons enseign\u00e9 dans le pass\u00e9:<\/h6>\n<p>Ste-Justine-de-Newton<br \/>\nNotre-dame, Huntingdon<br \/>\nSacr\u00e9-Coeur, St-Polycarpe<br \/>\nGault, Valleyfield<br \/>\nImmacul\u00e9-cCnception, St-t\u00e9lesphore<br \/>\nOrioles, St-zotique<br \/>\nH\u00e9ritage,Huntingdon<br \/>\nSte-Marthe, Sainte-Marthe-sur-le-lac<br \/>\nCuillierrier, St-Clet<br \/>\nNotre-dame-de-la-garde, Ile Perrot<br \/>\nMarie-Rose-St-andr\u00e9, Valleyfield<br \/>\nNotre-dame-de-lorette, Pincourt<br \/>\nJ\u00e9sus-Marie, Beauharnois<br \/>\nFr\u00e9d\u00e9rick-Girard, Valleyfield<br \/>\nFrancois-Perrot, Ile Perrot<br \/>\nSte-Agn\u00e8s, Valleyfield<br \/>\nNotre-dame-du-Rosaire, Ormstown<br \/>\nSt-George, Sainte-Anne-de-Bellevue<br \/>\nSacr\u00e9-Coeur, Valleyfield<br \/>\nSt-Eug\u00e8ne, Valleyfield<br \/>\nVirginie-Roy, Ile Perrot<br \/>\nColl\u00e8ge Bourget, Rigaud<br \/>\nCentre\u00a0Mont\u00e9rigien de R\u00e9adaptation\u00a0(CMR)<\/li>\n<\/ul>\n<p>R\u00e9servez d\u00e8s aujourd&rsquo;hui un professeur qui viendra vous faire bouger!<\/p>\n<p><\/p>","protected":false},"excerpt":{"rendered":"<p>Nos professeurs se d\u00e9placent directement dans vos \u00e9tablissements pour vous enseigner la danse! HIP HOP &#8211; ZUMBA POUR ENFANTS &#8211; CONFI-DANSE (programme pour augmenter la confiance en soi \u00e0 travers la danse) Garderies Pr\u00e9-maternelles \u00c9coles primaires et secondaires C\u00e9geps Camps de jour Municipalit\u00e9s Entreprises Cliquez ici pour voir un montage vid\u00e9o de quelques endroits o\u00f9 &hellip; <a href=\"https:\/\/www.nogravity.ca\/nogravity_wp\/cours-mobiles\/\" class=\"more-link\">Continuer la lecture de <span class=\"screen-reader-text\">Cours mobiles<\/span> <span class=\"meta-nav\">&rarr;<\/span><\/a><\/p>\n","protected":false},"author":1,"featured_media":677,"parent":0,"menu_order":0,"comment_status":"closed","ping_status":"closed","template":"page-templates\/common_page.php","meta":{"_acf_changed":false,"footnotes":""},"class_list":["post-201","page","type-page","status-publish","has-post-thumbnail","hentry"],"acf":[],"aioseo_notices":[],"_links":{"self":[{"href":"https:\/\/www.nogravity.ca\/nogravity_wp\/wp-json\/wp\/v2\/pages\/201","targetHints":{"allow":["GET"]}}],"collection":[{"href":"https:\/\/www.nogravity.ca\/nogravity_wp\/wp-json\/wp\/v2\/pages"}],"about":[{"href":"https:\/\/www.nogravity.ca\/nogravity_wp\/wp-json\/wp\/v2\/types\/page"}],"author":[{"embeddable":true,"href":"https:\/\/www.nogravity.ca\/nogravity_wp\/wp-json\/wp\/v2\/users\/1"}],"replies":[{"embeddable":true,"href":"https:\/\/www.nogravity.ca\/nogravity_wp\/wp-json\/wp\/v2\/comments?post=201"}],"version-history":[{"count":14,"href":"https:\/\/www.nogravity.ca\/nogravity_wp\/wp-json\/wp\/v2\/pages\/201\/revisions"}],"predecessor-version":[{"id":1656,"href":"https:\/\/www.nogravity.ca\/nogravity_wp\/wp-json\/wp\/v2\/pages\/201\/revisions\/1656"}],"wp:featuredmedia":[{"embeddable":true,"href":"https:\/\/www.nogravity.ca\/nogravity_wp\/wp-json\/wp\/v2\/media\/677"}],"wp:attachment":[{"href":"https:\/\/www.nogravity.ca\/nogravity_wp\/wp-json\/wp\/v2\/media?parent=201"}],"curies":[{"name":"wp","href":"https:\/\/api.w.org\/{rel}","templated":true}]}}