{"id":1829,"date":"2025-04-24T20:41:49","date_gmt":"2025-04-24T20:41:49","guid":{"rendered":"https:\/\/www.nogravity.ca\/nogravity_wp\/?page_id=1829"},"modified":"2025-04-24T22:21:10","modified_gmt":"2025-04-24T22:21:10","slug":"burlesque-2","status":"publish","type":"page","link":"https:\/\/www.nogravity.ca\/nogravity_wp\/burlesque-2\/","title":{"rendered":"Burlesque (Adultes)"},"content":{"rendered":"\n<p>Osez briller, s\u00e9duire, vous r\u00e9v\u00e9ler. Sensualit\u00e9, humour et confiance en soi sont les piliers de ce cours p\u00e9tillant o\u00f9 le glamour rencontre l\u2019audace. <br>\u00c0 travers des mouvements stylis\u00e9s, des jeux de regards et un soup\u00e7on de th\u00e9\u00e2tralit\u00e9, vous d\u00e9couvrirez le plaisir d\u2019exprimer votre f\u00e9minit\u00e9 (ou votre c\u00f4t\u00e9 flamboyant!) avec panache. Un espace bienveillant pour oser \u00eatre vous \u2014 magn\u00e9tique, dr\u00f4le, puissante.<\/p>\n\n\n\n<figure class=\"wp-block-image size-full\"><img loading=\"lazy\" decoding=\"async\" width=\"1000\" height=\"667\" src=\"https:\/\/www.nogravity.ca\/nogravity_wp\/wp-content\/uploads\/2025\/04\/Burlesque.jpeg\" alt=\"\" class=\"wp-image-1830\" srcset=\"https:\/\/www.nogravity.ca\/nogravity_wp\/wp-content\/uploads\/2025\/04\/Burlesque.jpeg 1000w, https:\/\/www.nogravity.ca\/nogravity_wp\/wp-content\/uploads\/2025\/04\/Burlesque-300x200.jpeg 300w\" sizes=\"auto, (max-width: 1000px) 100vw, 1000px\" \/><\/figure>\n<p><\/p>","protected":false},"excerpt":{"rendered":"<p>Osez briller, s\u00e9duire, vous r\u00e9v\u00e9ler. Sensualit\u00e9, humour et confiance en soi sont les piliers de ce cours p\u00e9tillant o\u00f9 le glamour rencontre l\u2019audace. \u00c0 travers des mouvements stylis\u00e9s, des jeux de regards et un soup\u00e7on de th\u00e9\u00e2tralit\u00e9, vous d\u00e9couvrirez le plaisir d\u2019exprimer votre f\u00e9minit\u00e9 (ou votre c\u00f4t\u00e9 flamboyant!) avec panache. Un espace bienveillant pour oser &hellip; <a href=\"https:\/\/www.nogravity.ca\/nogravity_wp\/burlesque-2\/\" class=\"more-link\">Continuer la lecture de <span class=\"screen-reader-text\">Burlesque (Adultes)<\/span> <span class=\"meta-nav\">&rarr;<\/span><\/a><\/p>\n","protected":false},"author":56,"featured_media":0,"parent":0,"menu_order":0,"comment_status":"closed","ping_status":"closed","template":"page-templates\/common_page.php","meta":{"_acf_changed":false,"footnotes":""},"class_list":["post-1829","page","type-page","status-publish","hentry"],"acf":[],"aioseo_notices":[],"_links":{"self":[{"href":"https:\/\/www.nogravity.ca\/nogravity_wp\/wp-json\/wp\/v2\/pages\/1829","targetHints":{"allow":["GET"]}}],"collection":[{"href":"https:\/\/www.nogravity.ca\/nogravity_wp\/wp-json\/wp\/v2\/pages"}],"about":[{"href":"https:\/\/www.nogravity.ca\/nogravity_wp\/wp-json\/wp\/v2\/types\/page"}],"author":[{"embeddable":true,"href":"https:\/\/www.nogravity.ca\/nogravity_wp\/wp-json\/wp\/v2\/users\/56"}],"replies":[{"embeddable":true,"href":"https:\/\/www.nogravity.ca\/nogravity_wp\/wp-json\/wp\/v2\/comments?post=1829"}],"version-history":[{"count":2,"href":"https:\/\/www.nogravity.ca\/nogravity_wp\/wp-json\/wp\/v2\/pages\/1829\/revisions"}],"predecessor-version":[{"id":1846,"href":"https:\/\/www.nogravity.ca\/nogravity_wp\/wp-json\/wp\/v2\/pages\/1829\/revisions\/1846"}],"wp:attachment":[{"href":"https:\/\/www.nogravity.ca\/nogravity_wp\/wp-json\/wp\/v2\/media?parent=1829"}],"curies":[{"name":"wp","href":"https:\/\/api.w.org\/{rel}","templated":true}]}}