{"id":1825,"date":"2025-04-24T20:39:17","date_gmt":"2025-04-24T20:39:17","guid":{"rendered":"https:\/\/www.nogravity.ca\/nogravity_wp\/?page_id=1825"},"modified":"2025-04-24T22:27:09","modified_gmt":"2025-04-24T22:27:09","slug":"lyrique","status":"publish","type":"page","link":"https:\/\/www.nogravity.ca\/nogravity_wp\/lyrique\/","title":{"rendered":"Lyrique (13 ans et +)"},"content":{"rendered":"\n<p>Laissez votre corps chanter. Embarquez dans un voyage sensible et expressif o\u00f9 le mouvement devient po\u00e9sie.<br>Le cours de lyrique explore la danse comme un souffle, un courant qui traverse le corps pour exprimer ce que les mots ne peuvent dire. Gr\u00e2ce \u00e0 des chor\u00e9graphies fluides et puissantes, vous apprendrez \u00e0 danser avec votre c\u0153ur autant qu\u2019avec votre technique. Id\u00e9al pour celles et ceux qui veulent ressentir chaque note, chaque silence, chaque frisson.<\/p>\n\n\n\n<figure class=\"wp-block-image size-large\"><img loading=\"lazy\" decoding=\"async\" width=\"683\" height=\"1024\" src=\"https:\/\/www.nogravity.ca\/nogravity_wp\/wp-content\/uploads\/2025\/04\/Lyrique-683x1024.jpeg\" alt=\"\" class=\"wp-image-1826\" srcset=\"https:\/\/www.nogravity.ca\/nogravity_wp\/wp-content\/uploads\/2025\/04\/Lyrique-683x1024.jpeg 683w, https:\/\/www.nogravity.ca\/nogravity_wp\/wp-content\/uploads\/2025\/04\/Lyrique-200x300.jpeg 200w, https:\/\/www.nogravity.ca\/nogravity_wp\/wp-content\/uploads\/2025\/04\/Lyrique.jpeg 1000w\" sizes=\"auto, (max-width: 683px) 100vw, 683px\" \/><\/figure>\n<p><\/p>","protected":false},"excerpt":{"rendered":"<p>Laissez votre corps chanter. Embarquez dans un voyage sensible et expressif o\u00f9 le mouvement devient po\u00e9sie.Le cours de lyrique explore la danse comme un souffle, un courant qui traverse le corps pour exprimer ce que les mots ne peuvent dire. Gr\u00e2ce \u00e0 des chor\u00e9graphies fluides et puissantes, vous apprendrez \u00e0 danser avec votre c\u0153ur autant &hellip; <a href=\"https:\/\/www.nogravity.ca\/nogravity_wp\/lyrique\/\" class=\"more-link\">Continuer la lecture de <span class=\"screen-reader-text\">Lyrique (13 ans et +)<\/span> <span class=\"meta-nav\">&rarr;<\/span><\/a><\/p>\n","protected":false},"author":56,"featured_media":0,"parent":0,"menu_order":0,"comment_status":"closed","ping_status":"closed","template":"page-templates\/common_page.php","meta":{"_acf_changed":false,"footnotes":""},"class_list":["post-1825","page","type-page","status-publish","hentry"],"acf":[],"aioseo_notices":[],"_links":{"self":[{"href":"https:\/\/www.nogravity.ca\/nogravity_wp\/wp-json\/wp\/v2\/pages\/1825","targetHints":{"allow":["GET"]}}],"collection":[{"href":"https:\/\/www.nogravity.ca\/nogravity_wp\/wp-json\/wp\/v2\/pages"}],"about":[{"href":"https:\/\/www.nogravity.ca\/nogravity_wp\/wp-json\/wp\/v2\/types\/page"}],"author":[{"embeddable":true,"href":"https:\/\/www.nogravity.ca\/nogravity_wp\/wp-json\/wp\/v2\/users\/56"}],"replies":[{"embeddable":true,"href":"https:\/\/www.nogravity.ca\/nogravity_wp\/wp-json\/wp\/v2\/comments?post=1825"}],"version-history":[{"count":3,"href":"https:\/\/www.nogravity.ca\/nogravity_wp\/wp-json\/wp\/v2\/pages\/1825\/revisions"}],"predecessor-version":[{"id":1851,"href":"https:\/\/www.nogravity.ca\/nogravity_wp\/wp-json\/wp\/v2\/pages\/1825\/revisions\/1851"}],"wp:attachment":[{"href":"https:\/\/www.nogravity.ca\/nogravity_wp\/wp-json\/wp\/v2\/media?parent=1825"}],"curies":[{"name":"wp","href":"https:\/\/api.w.org\/{rel}","templated":true}]}}