{"id":1821,"date":"2025-04-24T20:37:53","date_gmt":"2025-04-24T20:37:53","guid":{"rendered":"https:\/\/www.nogravity.ca\/nogravity_wp\/?page_id=1821"},"modified":"2025-04-24T22:27:33","modified_gmt":"2025-04-24T22:27:33","slug":"comedie-musicale","status":"publish","type":"page","link":"https:\/\/www.nogravity.ca\/nogravity_wp\/comedie-musicale\/","title":{"rendered":"Com\u00e9die Musicale (13 ans et +)"},"content":{"rendered":"\n<p>Dansez, chantez, incarnez !<br>Plongez dans l\u2019univers \u00e9clatant de la com\u00e9die musicale, o\u00f9 chaque mouvement raconte une histoire et chaque pas donne vie \u00e0 une \u00e9motion. <br>Ce cours est une c\u00e9l\u00e9bration du th\u00e9\u00e2tre, de la danse et de l\u2019expression. Que vous soyez Broadway dans l\u2019\u00e2me ou simplement curieux\u00b7se de d\u00e9couvrir votre c\u00f4t\u00e9 flamboyant, vous y trouverez un terrain de jeu pour lib\u00e9rer votre cr\u00e9ativit\u00e9. Place \u00e0 la sc\u00e8ne, place \u00e0 vous !<\/p>\n\n\n\n<figure class=\"wp-block-image size-full\"><img loading=\"lazy\" decoding=\"async\" width=\"1000\" height=\"667\" src=\"https:\/\/www.nogravity.ca\/nogravity_wp\/wp-content\/uploads\/2025\/04\/Comedie_musicale.jpeg\" alt=\"\" class=\"wp-image-1822\" srcset=\"https:\/\/www.nogravity.ca\/nogravity_wp\/wp-content\/uploads\/2025\/04\/Comedie_musicale.jpeg 1000w, https:\/\/www.nogravity.ca\/nogravity_wp\/wp-content\/uploads\/2025\/04\/Comedie_musicale-300x200.jpeg 300w\" sizes=\"auto, (max-width: 1000px) 100vw, 1000px\" \/><\/figure>\n<p><\/p>","protected":false},"excerpt":{"rendered":"<p>Dansez, chantez, incarnez !Plongez dans l\u2019univers \u00e9clatant de la com\u00e9die musicale, o\u00f9 chaque mouvement raconte une histoire et chaque pas donne vie \u00e0 une \u00e9motion. Ce cours est une c\u00e9l\u00e9bration du th\u00e9\u00e2tre, de la danse et de l\u2019expression. Que vous soyez Broadway dans l\u2019\u00e2me ou simplement curieux\u00b7se de d\u00e9couvrir votre c\u00f4t\u00e9 flamboyant, vous y trouverez &hellip; <a href=\"https:\/\/www.nogravity.ca\/nogravity_wp\/comedie-musicale\/\" class=\"more-link\">Continuer la lecture de <span class=\"screen-reader-text\">Com\u00e9die Musicale (13 ans et +)<\/span> <span class=\"meta-nav\">&rarr;<\/span><\/a><\/p>\n","protected":false},"author":56,"featured_media":0,"parent":0,"menu_order":0,"comment_status":"closed","ping_status":"closed","template":"page-templates\/common_page.php","meta":{"_acf_changed":false,"footnotes":""},"class_list":["post-1821","page","type-page","status-publish","hentry"],"acf":[],"aioseo_notices":[],"_links":{"self":[{"href":"https:\/\/www.nogravity.ca\/nogravity_wp\/wp-json\/wp\/v2\/pages\/1821","targetHints":{"allow":["GET"]}}],"collection":[{"href":"https:\/\/www.nogravity.ca\/nogravity_wp\/wp-json\/wp\/v2\/pages"}],"about":[{"href":"https:\/\/www.nogravity.ca\/nogravity_wp\/wp-json\/wp\/v2\/types\/page"}],"author":[{"embeddable":true,"href":"https:\/\/www.nogravity.ca\/nogravity_wp\/wp-json\/wp\/v2\/users\/56"}],"replies":[{"embeddable":true,"href":"https:\/\/www.nogravity.ca\/nogravity_wp\/wp-json\/wp\/v2\/comments?post=1821"}],"version-history":[{"count":2,"href":"https:\/\/www.nogravity.ca\/nogravity_wp\/wp-json\/wp\/v2\/pages\/1821\/revisions"}],"predecessor-version":[{"id":1852,"href":"https:\/\/www.nogravity.ca\/nogravity_wp\/wp-json\/wp\/v2\/pages\/1821\/revisions\/1852"}],"wp:attachment":[{"href":"https:\/\/www.nogravity.ca\/nogravity_wp\/wp-json\/wp\/v2\/media?parent=1821"}],"curies":[{"name":"wp","href":"https:\/\/api.w.org\/{rel}","templated":true}]}}