{"id":1811,"date":"2025-04-24T20:30:32","date_gmt":"2025-04-24T20:30:32","guid":{"rendered":"https:\/\/www.nogravity.ca\/nogravity_wp\/?page_id=1811"},"modified":"2025-04-24T22:23:14","modified_gmt":"2025-04-24T22:23:14","slug":"hip-hop-garcon","status":"publish","type":"page","link":"https:\/\/www.nogravity.ca\/nogravity_wp\/hip-hop-garcon\/","title":{"rendered":"Hip Hop Gar\u00e7ons (7-12 ans)"},"content":{"rendered":"\n<p>Nos cours de danse hip hop s&rsquo;inspirent des musiques Old school, R&amp;b, Pop et m\u00eame House, afin de rendre les cours diversifi\u00e9s et amusants! Les diff\u00e9rents \u00e9l\u00e9ments de la danse hip hop, comme le popping, le locking, le breakdance et la danse improvis\u00e9e donnent aux \u00e9l\u00e8ves la chance de d\u00e9velopper leur propre style. Chaque cours consiste d&rsquo;un r\u00e9chauffement, d&rsquo;un enchainement du jour (diagonale), d&rsquo;une partie chor\u00e9graphique et dune partie de danse improvis\u00e9e. Des enchainements de mouvements sont cr\u00e9es \u00e0 chaque semaine, permettant ainsi aux \u00e9l\u00e8ves de b\u00e2tir peu \u00e0 peu leur chor\u00e9graphie finale.<\/p>\n\n\n\n<p>De nos jours, le hip hop est un des styles de danse les plus versatiles et populaires qui soit. Si vous avez aim\u00e9 l&rsquo;\u00e9mission Danse ou Cr\u00e8ve ainsi que les films Dansez dans les Rues, ce cours est pour vous!<\/p>\n\n\n\n<p>*Groupe compos\u00e9 seulement de gar\u00e7on<\/p>\n\n\n\n<p>Inscriptions en tout temps par t\u00e9l\u00e9phone&nbsp; 450.377.5132<\/p>\n\n\n\n<figure class=\"wp-block-image size-full\"><img loading=\"lazy\" decoding=\"async\" width=\"1000\" height=\"1000\" src=\"https:\/\/www.nogravity.ca\/nogravity_wp\/wp-content\/uploads\/2025\/04\/Hip_hop_garcon.jpeg\" alt=\"\" class=\"wp-image-1815\" srcset=\"https:\/\/www.nogravity.ca\/nogravity_wp\/wp-content\/uploads\/2025\/04\/Hip_hop_garcon.jpeg 1000w, https:\/\/www.nogravity.ca\/nogravity_wp\/wp-content\/uploads\/2025\/04\/Hip_hop_garcon-300x300.jpeg 300w, https:\/\/www.nogravity.ca\/nogravity_wp\/wp-content\/uploads\/2025\/04\/Hip_hop_garcon-150x150.jpeg 150w\" sizes=\"auto, (max-width: 1000px) 100vw, 1000px\" \/><\/figure>\n<p><\/p>","protected":false},"excerpt":{"rendered":"<p>Nos cours de danse hip hop s&rsquo;inspirent des musiques Old school, R&amp;b, Pop et m\u00eame House, afin de rendre les cours diversifi\u00e9s et amusants! Les diff\u00e9rents \u00e9l\u00e9ments de la danse hip hop, comme le popping, le locking, le breakdance et la danse improvis\u00e9e donnent aux \u00e9l\u00e8ves la chance de d\u00e9velopper leur propre style. Chaque cours &hellip; <a href=\"https:\/\/www.nogravity.ca\/nogravity_wp\/hip-hop-garcon\/\" class=\"more-link\">Continuer la lecture de <span class=\"screen-reader-text\">Hip Hop Gar\u00e7ons (7-12 ans)<\/span> <span class=\"meta-nav\">&rarr;<\/span><\/a><\/p>\n","protected":false},"author":56,"featured_media":0,"parent":0,"menu_order":0,"comment_status":"closed","ping_status":"closed","template":"page-templates\/common_page.php","meta":{"_acf_changed":false,"footnotes":""},"class_list":["post-1811","page","type-page","status-publish","hentry"],"acf":[],"aioseo_notices":[],"_links":{"self":[{"href":"https:\/\/www.nogravity.ca\/nogravity_wp\/wp-json\/wp\/v2\/pages\/1811","targetHints":{"allow":["GET"]}}],"collection":[{"href":"https:\/\/www.nogravity.ca\/nogravity_wp\/wp-json\/wp\/v2\/pages"}],"about":[{"href":"https:\/\/www.nogravity.ca\/nogravity_wp\/wp-json\/wp\/v2\/types\/page"}],"author":[{"embeddable":true,"href":"https:\/\/www.nogravity.ca\/nogravity_wp\/wp-json\/wp\/v2\/users\/56"}],"replies":[{"embeddable":true,"href":"https:\/\/www.nogravity.ca\/nogravity_wp\/wp-json\/wp\/v2\/comments?post=1811"}],"version-history":[{"count":3,"href":"https:\/\/www.nogravity.ca\/nogravity_wp\/wp-json\/wp\/v2\/pages\/1811\/revisions"}],"predecessor-version":[{"id":1849,"href":"https:\/\/www.nogravity.ca\/nogravity_wp\/wp-json\/wp\/v2\/pages\/1811\/revisions\/1849"}],"wp:attachment":[{"href":"https:\/\/www.nogravity.ca\/nogravity_wp\/wp-json\/wp\/v2\/media?parent=1811"}],"curies":[{"name":"wp","href":"https:\/\/api.w.org\/{rel}","templated":true}]}}