{"id":1553,"date":"2019-10-14T20:32:51","date_gmt":"2019-10-14T20:32:51","guid":{"rendered":"http:\/\/www.nogravity.ca\/nogravity_wp\/?page_id=1553"},"modified":"2019-10-15T20:39:15","modified_gmt":"2019-10-15T20:39:15","slug":"pole-fitness","status":"publish","type":"page","link":"https:\/\/www.nogravity.ca\/nogravity_wp\/pole-fitness\/","title":{"rendered":"Pole Fitness"},"content":{"rendered":"<p>La <b>Pole Fitness<\/b>\u00a0est une discipline qui m\u00eale danse, et acrobaties autour d&rsquo;une barre. Cette danse, pratiqu\u00e9e \u00e0 l&rsquo;origine dans les cirques forains itin\u00e9rants o\u00f9 des artistes en tenue l\u00e9g\u00e8re dansaient autour des poteaux soutenant le chapiteau pour distraire les spectateurs, est devenue une discipline sportive et artistique \u00e0 part enti\u00e8re \u00e0 partir des ann\u00e9es 1990.<\/p>\n<p>Contrairement aux id\u00e9es re\u00e7ues, la pole fitness est accessible \u00e0 tous et saura d\u00e9velopper force et souplesse. Toute personne apte \u00e0 pratiquer du sport peut s&rsquo;initier \u00e0 la pole. Elle peut \u00eatre pratiqu\u00e9e aussi bien par les femmes que les hommes.<\/p>\n<p>Laissez vous emporter dans cet univers envo\u00fbtant d\u00e8s la premi\u00e8re figure! S\u2019amuser en mariant \u00e9l\u00e9gance et rythme. Quelle belle fa\u00e7on de d\u00e9couvrir son corps, de progresser et d\u2019\u00eatre fier de nos accomplissements.<\/p>\n<p>Inscription en tout temps par t\u00e9l\u00e9phone: 450.377.5132<br \/>\n<iframe loading=\"lazy\" width=\"560\" height=\"315\" src=\"https:\/\/www.youtube.com\/embed\/9cw75InyqIU\" frameborder=\"0\" allow=\"accelerometer; autoplay; encrypted-media; gyroscope; picture-in-picture\" allowfullscreen><\/iframe><br \/>\n&nbsp;<\/p>\n<p>&nbsp;<\/p>\n<p><\/p>","protected":false},"excerpt":{"rendered":"<p>La Pole Fitness\u00a0est une discipline qui m\u00eale danse, et acrobaties autour d&rsquo;une barre. Cette danse, pratiqu\u00e9e \u00e0 l&rsquo;origine dans les cirques forains itin\u00e9rants o\u00f9 des artistes en tenue l\u00e9g\u00e8re dansaient autour des poteaux soutenant le chapiteau pour distraire les spectateurs, est devenue une discipline sportive et artistique \u00e0 part enti\u00e8re \u00e0 partir des ann\u00e9es 1990. &hellip; <a href=\"https:\/\/www.nogravity.ca\/nogravity_wp\/pole-fitness\/\" class=\"more-link\">Continuer la lecture de <span class=\"screen-reader-text\">Pole Fitness<\/span> <span class=\"meta-nav\">&rarr;<\/span><\/a><\/p>\n","protected":false},"author":1,"featured_media":1555,"parent":0,"menu_order":0,"comment_status":"closed","ping_status":"closed","template":"page-templates\/common_page.php","meta":{"_acf_changed":false,"footnotes":""},"class_list":["post-1553","page","type-page","status-publish","has-post-thumbnail","hentry"],"acf":[],"aioseo_notices":[],"_links":{"self":[{"href":"https:\/\/www.nogravity.ca\/nogravity_wp\/wp-json\/wp\/v2\/pages\/1553","targetHints":{"allow":["GET"]}}],"collection":[{"href":"https:\/\/www.nogravity.ca\/nogravity_wp\/wp-json\/wp\/v2\/pages"}],"about":[{"href":"https:\/\/www.nogravity.ca\/nogravity_wp\/wp-json\/wp\/v2\/types\/page"}],"author":[{"embeddable":true,"href":"https:\/\/www.nogravity.ca\/nogravity_wp\/wp-json\/wp\/v2\/users\/1"}],"replies":[{"embeddable":true,"href":"https:\/\/www.nogravity.ca\/nogravity_wp\/wp-json\/wp\/v2\/comments?post=1553"}],"version-history":[{"count":6,"href":"https:\/\/www.nogravity.ca\/nogravity_wp\/wp-json\/wp\/v2\/pages\/1553\/revisions"}],"predecessor-version":[{"id":1599,"href":"https:\/\/www.nogravity.ca\/nogravity_wp\/wp-json\/wp\/v2\/pages\/1553\/revisions\/1599"}],"wp:featuredmedia":[{"embeddable":true,"href":"https:\/\/www.nogravity.ca\/nogravity_wp\/wp-json\/wp\/v2\/media\/1555"}],"wp:attachment":[{"href":"https:\/\/www.nogravity.ca\/nogravity_wp\/wp-json\/wp\/v2\/media?parent=1553"}],"curies":[{"name":"wp","href":"https:\/\/api.w.org\/{rel}","templated":true}]}}