{"id":146,"date":"2016-01-28T10:00:46","date_gmt":"2016-01-28T10:00:46","guid":{"rendered":"http:\/\/www.nogravity.ca\/nogravity_wp\/?page_id=146"},"modified":"2018-11-20T19:01:05","modified_gmt":"2018-11-20T19:01:05","slug":"petits-pieds","status":"publish","type":"page","link":"https:\/\/www.nogravity.ca\/nogravity_wp\/petits-pieds\/","title":{"rendered":"Petits Pieds"},"content":{"rendered":"<p class=\"dance_p\">La danse enfantine s\u2019adresse aux petits de 18 mois \u00e0 3 ans. Il s&rsquo;agit d&rsquo;un cours d&rsquo;une dur\u00e9e de 30 minutes. Par le jeu, ce cours \u00e9veille les enfants aux diff\u00e9rentes composantes que constitue la danse. Par des stimulants tels que les sons, les rythmes, les objets, les mouvements, la notion de l\u2019espace, elle am\u00e8ne les enfants \u00e0 d\u00e9velopper leur expression corporelle et leur cr\u00e9ativit\u00e9. Le parent participe au cours avec son enfant.<\/p>\n<p class=\"ligne_clear\">Inscriptions en tout temps par t\u00e9l\u00e9phone\u00a0 450.377.5132<\/p>\n<p><iframe loading=\"lazy\" src=\"https:\/\/www.youtube.com\/embed\/zXnZXuD_SUg\" width=\"560\" height=\"315\" frameborder=\"0\" allowfullscreen=\"allowfullscreen\"><\/iframe><\/p>\n<p><\/p>","protected":false},"excerpt":{"rendered":"<p>La danse enfantine s\u2019adresse aux petits de 18 mois \u00e0 3 ans. Il s&rsquo;agit d&rsquo;un cours d&rsquo;une dur\u00e9e de 30 minutes. Par le jeu, ce cours \u00e9veille les enfants aux diff\u00e9rentes composantes que constitue la danse. Par des stimulants tels que les sons, les rythmes, les objets, les mouvements, la notion de l\u2019espace, elle am\u00e8ne &hellip; <a href=\"https:\/\/www.nogravity.ca\/nogravity_wp\/petits-pieds\/\" class=\"more-link\">Continuer la lecture de <span class=\"screen-reader-text\">Petits Pieds<\/span> <span class=\"meta-nav\">&rarr;<\/span><\/a><\/p>\n","protected":false},"author":1,"featured_media":694,"parent":0,"menu_order":0,"comment_status":"closed","ping_status":"closed","template":"page-templates\/common_page.php","meta":{"_acf_changed":false,"footnotes":""},"class_list":["post-146","page","type-page","status-publish","has-post-thumbnail","hentry"],"acf":[],"aioseo_notices":[],"_links":{"self":[{"href":"https:\/\/www.nogravity.ca\/nogravity_wp\/wp-json\/wp\/v2\/pages\/146","targetHints":{"allow":["GET"]}}],"collection":[{"href":"https:\/\/www.nogravity.ca\/nogravity_wp\/wp-json\/wp\/v2\/pages"}],"about":[{"href":"https:\/\/www.nogravity.ca\/nogravity_wp\/wp-json\/wp\/v2\/types\/page"}],"author":[{"embeddable":true,"href":"https:\/\/www.nogravity.ca\/nogravity_wp\/wp-json\/wp\/v2\/users\/1"}],"replies":[{"embeddable":true,"href":"https:\/\/www.nogravity.ca\/nogravity_wp\/wp-json\/wp\/v2\/comments?post=146"}],"version-history":[{"count":13,"href":"https:\/\/www.nogravity.ca\/nogravity_wp\/wp-json\/wp\/v2\/pages\/146\/revisions"}],"predecessor-version":[{"id":1452,"href":"https:\/\/www.nogravity.ca\/nogravity_wp\/wp-json\/wp\/v2\/pages\/146\/revisions\/1452"}],"wp:featuredmedia":[{"embeddable":true,"href":"https:\/\/www.nogravity.ca\/nogravity_wp\/wp-json\/wp\/v2\/media\/694"}],"wp:attachment":[{"href":"https:\/\/www.nogravity.ca\/nogravity_wp\/wp-json\/wp\/v2\/media?parent=146"}],"curies":[{"name":"wp","href":"https:\/\/api.w.org\/{rel}","templated":true}]}}