{"id":131,"date":"2016-01-28T08:18:36","date_gmt":"2016-01-28T08:18:36","guid":{"rendered":"http:\/\/www.nogravity.ca\/nogravity_wp\/?page_id=131"},"modified":"2019-01-24T19:13:25","modified_gmt":"2019-01-24T19:13:25","slug":"hip-hop-mamans","status":"publish","type":"page","link":"https:\/\/www.nogravity.ca\/nogravity_wp\/hip-hop-mamans\/","title":{"rendered":"Hip Hop Mom &#038; Dad"},"content":{"rendered":"<p class=\"dance_p\">Nous offrons un cours pour adultes (avec ou sans exp\u00e9rience) qui vise \u00e0 permettre aux parents bouger sur des rythmes Hip Hop tout en apprenant les bases de celle-ci. Le tout, dans une ambiance stimulante et amicale! Vous r\u00eavez de danser depuis toujours mais n&rsquo;avez jamais os\u00e9? C&rsquo;est le moment de tenter l&rsquo;exp\u00e9rience!<\/p>\n<p class=\"ligne_clear\">Inscriptions en tout temps par t\u00e9l\u00e9phone\u00a0 450.377.5132<\/p>\n<p>Cours d&rsquo;essai gratuit!<\/p>\n<p><iframe loading=\"lazy\" src=\"https:\/\/www.youtube.com\/embed\/cKFSYgEhqCA\" width=\"560\" height=\"315\" frameborder=\"0\" allowfullscreen=\"allowfullscreen\"><\/iframe><\/p>\n<p><\/p>","protected":false},"excerpt":{"rendered":"<p>Nous offrons un cours pour adultes (avec ou sans exp\u00e9rience) qui vise \u00e0 permettre aux parents bouger sur des rythmes Hip Hop tout en apprenant les bases de celle-ci. Le tout, dans une ambiance stimulante et amicale! Vous r\u00eavez de danser depuis toujours mais n&rsquo;avez jamais os\u00e9? C&rsquo;est le moment de tenter l&rsquo;exp\u00e9rience! Inscriptions en &hellip; <a href=\"https:\/\/www.nogravity.ca\/nogravity_wp\/hip-hop-mamans\/\" class=\"more-link\">Continuer la lecture de <span class=\"screen-reader-text\">Hip Hop Mom &#038; Dad<\/span> <span class=\"meta-nav\">&rarr;<\/span><\/a><\/p>\n","protected":false},"author":1,"featured_media":701,"parent":0,"menu_order":0,"comment_status":"closed","ping_status":"closed","template":"page-templates\/common_page.php","meta":{"_acf_changed":false,"footnotes":""},"class_list":["post-131","page","type-page","status-publish","has-post-thumbnail","hentry"],"acf":[],"aioseo_notices":[],"_links":{"self":[{"href":"https:\/\/www.nogravity.ca\/nogravity_wp\/wp-json\/wp\/v2\/pages\/131","targetHints":{"allow":["GET"]}}],"collection":[{"href":"https:\/\/www.nogravity.ca\/nogravity_wp\/wp-json\/wp\/v2\/pages"}],"about":[{"href":"https:\/\/www.nogravity.ca\/nogravity_wp\/wp-json\/wp\/v2\/types\/page"}],"author":[{"embeddable":true,"href":"https:\/\/www.nogravity.ca\/nogravity_wp\/wp-json\/wp\/v2\/users\/1"}],"replies":[{"embeddable":true,"href":"https:\/\/www.nogravity.ca\/nogravity_wp\/wp-json\/wp\/v2\/comments?post=131"}],"version-history":[{"count":14,"href":"https:\/\/www.nogravity.ca\/nogravity_wp\/wp-json\/wp\/v2\/pages\/131\/revisions"}],"predecessor-version":[{"id":1520,"href":"https:\/\/www.nogravity.ca\/nogravity_wp\/wp-json\/wp\/v2\/pages\/131\/revisions\/1520"}],"wp:featuredmedia":[{"embeddable":true,"href":"https:\/\/www.nogravity.ca\/nogravity_wp\/wp-json\/wp\/v2\/media\/701"}],"wp:attachment":[{"href":"https:\/\/www.nogravity.ca\/nogravity_wp\/wp-json\/wp\/v2\/media?parent=131"}],"curies":[{"name":"wp","href":"https:\/\/api.w.org\/{rel}","templated":true}]}}