{"id":120,"date":"2016-01-28T08:06:26","date_gmt":"2016-01-28T08:06:26","guid":{"rendered":"http:\/\/www.nogravity.ca\/nogravity_wp\/?page_id=120"},"modified":"2018-11-20T18:52:15","modified_gmt":"2018-11-20T18:52:15","slug":"hip-hop-girly","status":"publish","type":"page","link":"https:\/\/www.nogravity.ca\/nogravity_wp\/hip-hop-girly\/","title":{"rendered":"Hip Hop Girly"},"content":{"rendered":"<p class=\"dance_p\">Sur des sons puissants, le Hip Hop se d\u00e9cline au f\u00e9minin. Des chor\u00e9graphies sportives, pleines de personnalit\u00e9. Un cours accessible aux jeunes filles pour augmenter la confiance en soi et \u00eatre bien dans sa peau.<\/p>\n<p class=\"ligne_clear\">Inscriptions en tout temps par t\u00e9l\u00e9phone\u00a0 450.377.5132<\/p>\n<p><iframe loading=\"lazy\" src=\"https:\/\/www.youtube.com\/embed\/DxPScOk_emU\" width=\"560\" height=\"315\" frameborder=\"0\" allowfullscreen=\"allowfullscreen\"><\/iframe><\/p>\n<p><\/p>","protected":false},"excerpt":{"rendered":"<p>Sur des sons puissants, le Hip Hop se d\u00e9cline au f\u00e9minin. Des chor\u00e9graphies sportives, pleines de personnalit\u00e9. Un cours accessible aux jeunes filles pour augmenter la confiance en soi et \u00eatre bien dans sa peau. Inscriptions en tout temps par t\u00e9l\u00e9phone\u00a0 450.377.5132<\/p>\n","protected":false},"author":1,"featured_media":864,"parent":0,"menu_order":0,"comment_status":"closed","ping_status":"closed","template":"page-templates\/common_page.php","meta":{"_acf_changed":false,"footnotes":""},"class_list":["post-120","page","type-page","status-publish","has-post-thumbnail","hentry"],"acf":[],"aioseo_notices":[],"_links":{"self":[{"href":"https:\/\/www.nogravity.ca\/nogravity_wp\/wp-json\/wp\/v2\/pages\/120","targetHints":{"allow":["GET"]}}],"collection":[{"href":"https:\/\/www.nogravity.ca\/nogravity_wp\/wp-json\/wp\/v2\/pages"}],"about":[{"href":"https:\/\/www.nogravity.ca\/nogravity_wp\/wp-json\/wp\/v2\/types\/page"}],"author":[{"embeddable":true,"href":"https:\/\/www.nogravity.ca\/nogravity_wp\/wp-json\/wp\/v2\/users\/1"}],"replies":[{"embeddable":true,"href":"https:\/\/www.nogravity.ca\/nogravity_wp\/wp-json\/wp\/v2\/comments?post=120"}],"version-history":[{"count":10,"href":"https:\/\/www.nogravity.ca\/nogravity_wp\/wp-json\/wp\/v2\/pages\/120\/revisions"}],"predecessor-version":[{"id":1445,"href":"https:\/\/www.nogravity.ca\/nogravity_wp\/wp-json\/wp\/v2\/pages\/120\/revisions\/1445"}],"wp:featuredmedia":[{"embeddable":true,"href":"https:\/\/www.nogravity.ca\/nogravity_wp\/wp-json\/wp\/v2\/media\/864"}],"wp:attachment":[{"href":"https:\/\/www.nogravity.ca\/nogravity_wp\/wp-json\/wp\/v2\/media?parent=120"}],"curies":[{"name":"wp","href":"https:\/\/api.w.org\/{rel}","templated":true}]}}