{"id":101,"date":"2016-01-28T07:12:06","date_gmt":"2016-01-28T07:12:06","guid":{"rendered":"http:\/\/www.nogravity.ca\/nogravity_wp\/?page_id=101"},"modified":"2018-11-20T18:56:11","modified_gmt":"2018-11-20T18:56:11","slug":"minipop","status":"publish","type":"page","link":"https:\/\/www.nogravity.ca\/nogravity_wp\/minipop\/","title":{"rendered":"Mini-Pop"},"content":{"rendered":"<h4><\/h4>\n<p class=\"dance_p\">Cours d&rsquo;initiation \u00e0 la danse\u00a0Hip Hop.\u00a0Notre cours de Mini-Pop permet d&rsquo;am\u00e9liorer la perception du sch\u00e9ma corporel tout en d\u00e9veloppant l&rsquo;\u00e9coute musicale et en \u00e9veillant le potentiel cr\u00e9ateur de l&rsquo;enfant. A travers le jeu et le plaisir, l&rsquo;enfant d\u00e9veloppe \u00e9galement les capacit\u00e9s suivantes: rythme, coordination, souplesse et expression. Musiques entrainantes et populaires chez les enfants.<\/p>\n<p class=\"ligne_clear\">Inscriptions en tout temps par t\u00e9l\u00e9phone\u00a0 450.377.5132<\/p>\n<p class=\"ligne_clear\"><iframe loading=\"lazy\" src=\"https:\/\/www.youtube.com\/embed\/s_g-gWxdS04\" width=\"560\" height=\"315\" frameborder=\"0\" allowfullscreen=\"allowfullscreen\"><\/iframe><\/p>\n<p><iframe loading=\"lazy\" src=\"https:\/\/www.youtube.com\/embed\/60SxIMRDctQ\" width=\"560\" height=\"315\" frameborder=\"0\" allowfullscreen=\"allowfullscreen\"><\/iframe><\/p>\n<p><\/p>","protected":false},"excerpt":{"rendered":"<p>Cours d&rsquo;initiation \u00e0 la danse\u00a0Hip Hop.\u00a0Notre cours de Mini-Pop permet d&rsquo;am\u00e9liorer la perception du sch\u00e9ma corporel tout en d\u00e9veloppant l&rsquo;\u00e9coute musicale et en \u00e9veillant le potentiel cr\u00e9ateur de l&rsquo;enfant. A travers le jeu et le plaisir, l&rsquo;enfant d\u00e9veloppe \u00e9galement les capacit\u00e9s suivantes: rythme, coordination, souplesse et expression. Musiques entrainantes et populaires chez les enfants. Inscriptions &hellip; <a href=\"https:\/\/www.nogravity.ca\/nogravity_wp\/minipop\/\" class=\"more-link\">Continuer la lecture de <span class=\"screen-reader-text\">Mini-Pop<\/span> <span class=\"meta-nav\">&rarr;<\/span><\/a><\/p>\n","protected":false},"author":1,"featured_media":694,"parent":0,"menu_order":0,"comment_status":"closed","ping_status":"closed","template":"page-templates\/common_page.php","meta":{"_acf_changed":false,"footnotes":""},"class_list":["post-101","page","type-page","status-publish","has-post-thumbnail","hentry"],"acf":[],"aioseo_notices":[],"_links":{"self":[{"href":"https:\/\/www.nogravity.ca\/nogravity_wp\/wp-json\/wp\/v2\/pages\/101","targetHints":{"allow":["GET"]}}],"collection":[{"href":"https:\/\/www.nogravity.ca\/nogravity_wp\/wp-json\/wp\/v2\/pages"}],"about":[{"href":"https:\/\/www.nogravity.ca\/nogravity_wp\/wp-json\/wp\/v2\/types\/page"}],"author":[{"embeddable":true,"href":"https:\/\/www.nogravity.ca\/nogravity_wp\/wp-json\/wp\/v2\/users\/1"}],"replies":[{"embeddable":true,"href":"https:\/\/www.nogravity.ca\/nogravity_wp\/wp-json\/wp\/v2\/comments?post=101"}],"version-history":[{"count":13,"href":"https:\/\/www.nogravity.ca\/nogravity_wp\/wp-json\/wp\/v2\/pages\/101\/revisions"}],"predecessor-version":[{"id":1449,"href":"https:\/\/www.nogravity.ca\/nogravity_wp\/wp-json\/wp\/v2\/pages\/101\/revisions\/1449"}],"wp:featuredmedia":[{"embeddable":true,"href":"https:\/\/www.nogravity.ca\/nogravity_wp\/wp-json\/wp\/v2\/media\/694"}],"wp:attachment":[{"href":"https:\/\/www.nogravity.ca\/nogravity_wp\/wp-json\/wp\/v2\/media?parent=101"}],"curies":[{"name":"wp","href":"https:\/\/api.w.org\/{rel}","templated":true}]}}